{"id":75,"date":"2023-04-18T14:59:56","date_gmt":"2023-04-18T12:59:56","guid":{"rendered":"http:\/\/www.satinpoursoie.fr\/?page_id=75"},"modified":"2023-10-03T11:28:29","modified_gmt":"2023-10-03T09:28:29","slug":"cours-individuels-de-couture","status":"publish","type":"page","link":"https:\/\/www.satinpoursoie.fr\/index.php\/cours-ateliers-couture\/cours-individuels-de-couture\/","title":{"rendered":"Cours Individuels de couture"},"content":{"rendered":"\n<p>Je vous propose des Cours individuels de couture dans mon atelier de Vichy ou \u00e0 votre domicile.<\/p>\n\n\n\n<p>Les cours techniques individuels vous permettent d&rsquo;apprendre ou de parfaire une ou plusieurs techniques pr\u00e9cises de couture. A travers la r\u00e9alisation de pi\u00e8ce d&rsquo;\u00e9tude, vous d\u00e9couvrirez chaque \u00e9tape de la r\u00e9alisation de votre montage. Une fiche technique &lsquo;Pas \u00e0 Pas&rsquo; vous sera remise et vous permettra de reproduire ensuite la technique par vous m\u00eame.<\/p>\n\n\n\n<div class=\"wp-block-columns is-layout-flex wp-container-core-columns-is-layout-9d6595d7 wp-block-columns-is-layout-flex\">\n<div class=\"wp-block-column is-layout-flow wp-block-column-is-layout-flow\" style=\"flex-basis:100%\">\n<div class=\"wp-block-columns is-layout-flex wp-container-core-columns-is-layout-9d6595d7 wp-block-columns-is-layout-flex\">\n<div class=\"wp-block-column is-layout-flow wp-block-column-is-layout-flow\"><div class=\"wp-block-image\">\n<figure class=\"aligncenter size-thumbnail is-resized\"><img loading=\"lazy\" decoding=\"async\" src=\"https:\/\/www.satinpoursoie.fr\/wp-content\/uploads\/2023\/04\/IMG_20230209_170745_274-150x150.webp\" alt=\"Montage fermeture\" class=\"wp-image-191\" style=\"width:200px;height:200px\" width=\"200\" height=\"200\" srcset=\"https:\/\/www.satinpoursoie.fr\/wp-content\/uploads\/2023\/04\/IMG_20230209_170745_274-150x150.webp 150w, https:\/\/www.satinpoursoie.fr\/wp-content\/uploads\/2023\/04\/IMG_20230209_170745_274-300x300.webp 300w, https:\/\/www.satinpoursoie.fr\/wp-content\/uploads\/2023\/04\/IMG_20230209_170745_274-600x600.webp 600w, https:\/\/www.satinpoursoie.fr\/wp-content\/uploads\/2023\/04\/IMG_20230209_170745_274-1024x1024.webp 1024w, https:\/\/www.satinpoursoie.fr\/wp-content\/uploads\/2023\/04\/IMG_20230209_170745_274-768x768.webp 768w, https:\/\/www.satinpoursoie.fr\/wp-content\/uploads\/2023\/04\/IMG_20230209_170745_274-60x60.webp 60w, https:\/\/www.satinpoursoie.fr\/wp-content\/uploads\/2023\/04\/IMG_20230209_170745_274.webp 1080w\" sizes=\"auto, (max-width: 200px) 100vw, 200px\" \/><figcaption class=\"wp-element-caption\">Montage fermeture pose classique<\/figcaption><\/figure><\/div><\/div>\n\n\n\n<div class=\"wp-block-column is-layout-flow wp-block-column-is-layout-flow\"><div class=\"wp-block-image\">\n<figure class=\"aligncenter size-thumbnail is-resized\"><img loading=\"lazy\" decoding=\"async\" src=\"https:\/\/www.satinpoursoie.fr\/wp-content\/uploads\/2023\/04\/20210226_151411-150x150.jpg\" alt=\"Fente ind\u00e9chirable\" class=\"wp-image-192\" style=\"width:200px;height:200px\" width=\"200\" height=\"200\" srcset=\"https:\/\/www.satinpoursoie.fr\/wp-content\/uploads\/2023\/04\/20210226_151411-150x150.jpg 150w, https:\/\/www.satinpoursoie.fr\/wp-content\/uploads\/2023\/04\/20210226_151411-scaled-300x300.jpg 300w\" sizes=\"auto, (max-width: 200px) 100vw, 200px\" \/><figcaption class=\"wp-element-caption\">Cr\u00e9ation d&rsquo;une fente ind\u00e9chirable<\/figcaption><\/figure><\/div><\/div>\n\n\n\n<div class=\"wp-block-column is-layout-flow wp-block-column-is-layout-flow\"><div class=\"wp-block-image\">\n<figure class=\"aligncenter size-thumbnail is-resized\"><img loading=\"lazy\" decoding=\"async\" src=\"https:\/\/www.satinpoursoie.fr\/wp-content\/uploads\/2023\/04\/20220320_122345-150x150.jpg\" alt=\"Point d'orgue\" class=\"wp-image-190\" style=\"width:200px;height:200px\" width=\"200\" height=\"200\" srcset=\"https:\/\/www.satinpoursoie.fr\/wp-content\/uploads\/2023\/04\/20220320_122345-150x150.jpg 150w, https:\/\/www.satinpoursoie.fr\/wp-content\/uploads\/2023\/04\/20220320_122345-scaled-300x300.jpg 300w\" sizes=\"auto, (max-width: 200px) 100vw, 200px\" \/><figcaption class=\"wp-element-caption\">Montage de jupe en <a href=\"https:\/\/www.atad.asso.fr\/costumes\/pli-canon-ou-en-tuyau-dorgue-tuto\">point d&rsquo;orgue<\/a><\/figcaption><\/figure><\/div><\/div>\n<\/div>\n<\/div>\n<\/div>\n\n\n\n<p>Le Coaching Couture est une prestation vous permettant de r\u00e9aliser vous m\u00eame votre projet couture. Le coaching couture est adapt\u00e9 \u00e0 vos besoins et \u00e0 vos objectifs. Je travaille en \u00e9troite collaboration avec vous pour vous accompagner dans le projet que vous souhaitez r\u00e9aliser. L&rsquo;objectif du coaching couture est de vous guider, de vous expliquer, tout au long des \u00e9tapes de la couture de votre v\u00eatement, et de vous apporter les r\u00e9ponses techniques n\u00e9cessaires pour que votre cr\u00e9ation soit la v\u00f4tre.<\/p>\n\n\n\n<p><\/p>\n\n\n\n<div class=\"wp-block-media-text is-stacked-on-mobile\"><figure class=\"wp-block-media-text__media\"><img loading=\"lazy\" decoding=\"async\" width=\"1024\" height=\"768\" src=\"https:\/\/www.satinpoursoie.fr\/wp-content\/uploads\/2023\/10\/20231003_094056-1024x768.jpg\" alt=\"Poste de Couture Atelier public\" class=\"wp-image-335 size-full\" srcset=\"https:\/\/www.satinpoursoie.fr\/wp-content\/uploads\/2023\/10\/20231003_094056-1024x768.jpg 1024w, https:\/\/www.satinpoursoie.fr\/wp-content\/uploads\/2023\/10\/20231003_094056-scaled-600x450.jpg 600w, https:\/\/www.satinpoursoie.fr\/wp-content\/uploads\/2023\/10\/20231003_094056-300x225.jpg 300w, https:\/\/www.satinpoursoie.fr\/wp-content\/uploads\/2023\/10\/20231003_094056-768x576.jpg 768w, https:\/\/www.satinpoursoie.fr\/wp-content\/uploads\/2023\/10\/20231003_094056-1536x1152.jpg 1536w, https:\/\/www.satinpoursoie.fr\/wp-content\/uploads\/2023\/10\/20231003_094056-2048x1536.jpg 2048w, https:\/\/www.satinpoursoie.fr\/wp-content\/uploads\/2023\/10\/20231003_094056-80x60.jpg 80w\" sizes=\"auto, (max-width: 1024px) 100vw, 1024px\" \/><\/figure><div class=\"wp-block-media-text__content\">\n<p>Dans un espace chaleureux et convivial, je mets \u00e0 votre disposition l&rsquo;ensemble du mat\u00e9riel dont vous pouvez avoir besoin (machine \u00e0 coudre, mat\u00e9riel de base).  <\/p>\n\n\n\n<p>Mais vous pouvez aussi venir avec votre mat\u00e9riel pour vous sentir plus \u00e0 l&rsquo;aise.<\/p>\n<\/div><\/div>\n\n\n\n<p style=\"font-size:22px\"><\/p>\n\n\n\n<div class=\"wp-block-columns is-layout-flex wp-container-core-columns-is-layout-9d6595d7 wp-block-columns-is-layout-flex\">\n<div class=\"wp-block-column has-background is-layout-flow wp-block-column-is-layout-flow\" style=\"background-color:#bababa\">\n<div style=\"height:20px\" aria-hidden=\"true\" class=\"wp-block-spacer\"><\/div>\n\n\n\n<h2 class=\"wp-block-heading has-text-align-center\">Cours &lsquo;Technique de Couture&rsquo;<\/h2>\n\n\n\n<p class=\"has-text-align-center\">Dur\u00e9e : 1h<\/p>\n\n\n\n<hr class=\"wp-block-separator has-text-color has-black-color has-alpha-channel-opacity has-black-background-color has-background is-style-wide\"\/>\n\n\n\n<p>Je vous propose un accompagnement technique vous permettant de vous perfectionner sur des techniques de couture. <\/p>\n\n\n\n<p>Chaque cours vous d\u00e9taille pas \u00e0 pas les techniques de bases, vous saurez \u00eatre autonome sur vos prochaines r\u00e9alisations.<\/p>\n\n\n\n<hr class=\"wp-block-separator has-text-color has-black-color has-alpha-channel-opacity has-black-background-color has-background is-style-wide\"\/>\n\n\n\n<div class=\"wp-block-buttons is-content-justification-center is-layout-flex wp-container-core-buttons-is-layout-16018d1d wp-block-buttons-is-layout-flex\">\n<div class=\"wp-block-button\"><a class=\"wp-block-button__link has-black-color has-text-color has-background wp-element-button\" href=\"https:\/\/www.satinpoursoie.fr\/index.php\/techniques-de-couture\/\" style=\"background-color:#b2727f\">En savoir plus&#8230;<\/a><\/div>\n<\/div>\n\n\n\n<p><\/p>\n<\/div>\n\n\n\n<div class=\"wp-block-column has-background is-layout-flow wp-block-column-is-layout-flow\" style=\"background-color:#eaeaea\">\n<div style=\"height:20px\" aria-hidden=\"true\" class=\"wp-block-spacer\"><\/div>\n\n\n\n<h2 class=\"wp-block-heading has-text-align-center\">Coaching<\/h2>\n\n\n\n<p class=\"has-text-align-center\">Dur\u00e9e : 3 fois 2 heures<\/p>\n\n\n\n<hr class=\"wp-block-separator has-text-color has-black-color has-alpha-channel-opacity has-black-background-color has-background is-style-wide\"\/>\n\n\n\n<p>Vous souhaitez que je vous accompagne sur la r\u00e9alisation d&rsquo;un projet concret, de la prise en main du patron jusqu&rsquo;au finition? <\/p>\n\n\n\n<p>Vous aurez la satisfaction de r\u00e9aliser vous m\u00eame votre cr\u00e9ation, \u00e9tape par \u00e9tape, et de voir votre projet se construire sous vos mains.<\/p>\n\n\n\n<hr class=\"wp-block-separator has-text-color has-black-color has-alpha-channel-opacity has-black-background-color has-background is-style-wide\"\/>\n\n\n\n<div class=\"wp-block-buttons is-content-justification-center is-layout-flex wp-container-core-buttons-is-layout-16018d1d wp-block-buttons-is-layout-flex\">\n<div class=\"wp-block-button\"><a class=\"wp-block-button__link has-black-color has-text-color has-background wp-element-button\" href=\"https:\/\/www.satinpoursoie.fr\/index.php\/coaching\/\" style=\"background-color:#b2727f\">En savoir plus&#8230;<\/a><\/div>\n<\/div>\n\n\n\n<p><\/p>\n<\/div>\n<\/div>\n\n\n\n<div class=\"wp-block-buttons is-content-justification-center is-layout-flex wp-container-core-buttons-is-layout-16018d1d wp-block-buttons-is-layout-flex\">\n<div class=\"wp-block-button has-custom-width wp-block-button__width-50 is-style-outline is-style-outline--1\"><a class=\"wp-block-button__link wp-element-button\" href=\"https:\/\/www.satinpoursoie.fr\/index.php\/contacts\/\">Contactez-moi<\/a><\/div>\n<\/div>\n","protected":false},"excerpt":{"rendered":"<p>Je vous propose des Cours individuels de couture dans mon atelier de Vichy ou \u00e0 votre domicile. Les cours techniques individuels vous permettent d&rsquo;apprendre ou de parfaire une ou plusieurs techniques pr\u00e9cises de couture. A travers la r\u00e9alisation de pi\u00e8ce d&rsquo;\u00e9tude, vous d\u00e9couvrirez chaque \u00e9tape de la r\u00e9alisation de votre montage. Une fiche technique &lsquo;Pas &hellip; <\/p>\n","protected":false},"author":1,"featured_media":0,"parent":17,"menu_order":0,"comment_status":"closed","ping_status":"closed","template":"","meta":{"footnotes":""},"class_list":["post-75","page","type-page","status-publish","hentry"],"yoast_head":"<!-- This site is optimized with the Yoast SEO plugin v27.4 - https:\/\/yoast.com\/product\/yoast-seo-wordpress\/ -->\n<title>Cours Individuels de couture - Satin pour Soie<\/title>\n<meta name=\"description\" content=\"Je vous accompagne dans vos besoins de formation \u00e0 travers des cours individuels de couture dans mon atelier ou \u00e0 votre domicile.\" \/>\n<meta name=\"robots\" content=\"index, follow, max-snippet:-1, max-image-preview:large, max-video-preview:-1\" \/>\n<link rel=\"canonical\" href=\"https:\/\/www.satinpoursoie.fr\/index.php\/cours-ateliers-couture\/cours-individuels-de-couture\/\" \/>\n<meta property=\"og:locale\" content=\"fr_FR\" \/>\n<meta property=\"og:type\" content=\"article\" \/>\n<meta property=\"og:title\" content=\"Cours Individuels de couture - Satin pour Soie\" \/>\n<meta property=\"og:description\" content=\"Je vous accompagne dans vos besoins de formation \u00e0 travers des cours individuels de couture dans mon atelier ou \u00e0 votre domicile.\" \/>\n<meta property=\"og:url\" content=\"https:\/\/www.satinpoursoie.fr\/index.php\/cours-ateliers-couture\/cours-individuels-de-couture\/\" \/>\n<meta property=\"og:site_name\" content=\"Satin pour Soie\" \/>\n<meta property=\"article:publisher\" content=\"https:\/\/www.facebook.com\/satinpoursoie\" \/>\n<meta property=\"article:modified_time\" content=\"2023-10-03T09:28:29+00:00\" \/>\n<meta property=\"og:image\" content=\"http:\/\/www.satinpoursoie.fr\/wp-content\/uploads\/2023\/04\/IMG_20230209_170745_274-150x150.webp\" \/>\n<meta name=\"twitter:card\" content=\"summary_large_image\" \/>\n<meta name=\"twitter:label1\" content=\"Dur\u00e9e de lecture estim\u00e9e\" \/>\n\t<meta name=\"twitter:data1\" content=\"3 minutes\" \/>\n<script type=\"application\/ld+json\" class=\"yoast-schema-graph\">{\"@context\":\"https:\\\/\\\/schema.org\",\"@graph\":[{\"@type\":\"WebPage\",\"@id\":\"https:\\\/\\\/www.satinpoursoie.fr\\\/index.php\\\/cours-ateliers-couture\\\/cours-individuels-de-couture\\\/\",\"url\":\"https:\\\/\\\/www.satinpoursoie.fr\\\/index.php\\\/cours-ateliers-couture\\\/cours-individuels-de-couture\\\/\",\"name\":\"Cours Individuels de couture - Satin pour Soie\",\"isPartOf\":{\"@id\":\"https:\\\/\\\/www.satinpoursoie.fr\\\/#website\"},\"primaryImageOfPage\":{\"@id\":\"https:\\\/\\\/www.satinpoursoie.fr\\\/index.php\\\/cours-ateliers-couture\\\/cours-individuels-de-couture\\\/#primaryimage\"},\"image\":{\"@id\":\"https:\\\/\\\/www.satinpoursoie.fr\\\/index.php\\\/cours-ateliers-couture\\\/cours-individuels-de-couture\\\/#primaryimage\"},\"thumbnailUrl\":\"http:\\\/\\\/www.satinpoursoie.fr\\\/wp-content\\\/uploads\\\/2023\\\/04\\\/IMG_20230209_170745_274-150x150.webp\",\"datePublished\":\"2023-04-18T12:59:56+00:00\",\"dateModified\":\"2023-10-03T09:28:29+00:00\",\"description\":\"Je vous accompagne dans vos besoins de formation \u00e0 travers des cours individuels de couture dans mon atelier ou \u00e0 votre domicile.\",\"breadcrumb\":{\"@id\":\"https:\\\/\\\/www.satinpoursoie.fr\\\/index.php\\\/cours-ateliers-couture\\\/cours-individuels-de-couture\\\/#breadcrumb\"},\"inLanguage\":\"fr-FR\",\"potentialAction\":[{\"@type\":\"ReadAction\",\"target\":[\"https:\\\/\\\/www.satinpoursoie.fr\\\/index.php\\\/cours-ateliers-couture\\\/cours-individuels-de-couture\\\/\"]}]},{\"@type\":\"ImageObject\",\"inLanguage\":\"fr-FR\",\"@id\":\"https:\\\/\\\/www.satinpoursoie.fr\\\/index.php\\\/cours-ateliers-couture\\\/cours-individuels-de-couture\\\/#primaryimage\",\"url\":\"http:\\\/\\\/www.satinpoursoie.fr\\\/wp-content\\\/uploads\\\/2023\\\/04\\\/IMG_20230209_170745_274-150x150.webp\",\"contentUrl\":\"http:\\\/\\\/www.satinpoursoie.fr\\\/wp-content\\\/uploads\\\/2023\\\/04\\\/IMG_20230209_170745_274-150x150.webp\"},{\"@type\":\"BreadcrumbList\",\"@id\":\"https:\\\/\\\/www.satinpoursoie.fr\\\/index.php\\\/cours-ateliers-couture\\\/cours-individuels-de-couture\\\/#breadcrumb\",\"itemListElement\":[{\"@type\":\"ListItem\",\"position\":1,\"name\":\"Accueil\",\"item\":\"https:\\\/\\\/www.satinpoursoie.fr\\\/\"},{\"@type\":\"ListItem\",\"position\":2,\"name\":\"Cours &#038; Ateliers de Couture\",\"item\":\"https:\\\/\\\/www.satinpoursoie.fr\\\/index.php\\\/cours-ateliers-couture\\\/\"},{\"@type\":\"ListItem\",\"position\":3,\"name\":\"Cours Individuels de couture\"}]},{\"@type\":\"WebSite\",\"@id\":\"https:\\\/\\\/www.satinpoursoie.fr\\\/#website\",\"url\":\"https:\\\/\\\/www.satinpoursoie.fr\\\/\",\"name\":\"Satin pour Soie\",\"description\":\"Un atelier de couture sur mesure pour r\u00e9aliser vos r\u00eaves vestimentaires\",\"publisher\":{\"@id\":\"https:\\\/\\\/www.satinpoursoie.fr\\\/#organization\"},\"potentialAction\":[{\"@type\":\"SearchAction\",\"target\":{\"@type\":\"EntryPoint\",\"urlTemplate\":\"https:\\\/\\\/www.satinpoursoie.fr\\\/?s={search_term_string}\"},\"query-input\":{\"@type\":\"PropertyValueSpecification\",\"valueRequired\":true,\"valueName\":\"search_term_string\"}}],\"inLanguage\":\"fr-FR\"},{\"@type\":\"Organization\",\"@id\":\"https:\\\/\\\/www.satinpoursoie.fr\\\/#organization\",\"name\":\"Satin pour soie\",\"url\":\"https:\\\/\\\/www.satinpoursoie.fr\\\/\",\"logo\":{\"@type\":\"ImageObject\",\"inLanguage\":\"fr-FR\",\"@id\":\"https:\\\/\\\/www.satinpoursoie.fr\\\/#\\\/schema\\\/logo\\\/image\\\/\",\"url\":\"https:\\\/\\\/www.satinpoursoie.fr\\\/wp-content\\\/uploads\\\/2023\\\/04\\\/cropped-Icon-Satin-1.png\",\"contentUrl\":\"https:\\\/\\\/www.satinpoursoie.fr\\\/wp-content\\\/uploads\\\/2023\\\/04\\\/cropped-Icon-Satin-1.png\",\"width\":512,\"height\":512,\"caption\":\"Satin pour soie\"},\"image\":{\"@id\":\"https:\\\/\\\/www.satinpoursoie.fr\\\/#\\\/schema\\\/logo\\\/image\\\/\"},\"sameAs\":[\"https:\\\/\\\/www.facebook.com\\\/satinpoursoie\",\"https:\\\/\\\/www.instagram.com\\\/satinpoursoie\\\/\"]}]}<\/script>\n<!-- \/ Yoast SEO plugin. -->","yoast_head_json":{"title":"Cours Individuels de couture - Satin pour Soie","description":"Je vous accompagne dans vos besoins de formation \u00e0 travers des cours individuels de couture dans mon atelier ou \u00e0 votre domicile.","robots":{"index":"index","follow":"follow","max-snippet":"max-snippet:-1","max-image-preview":"max-image-preview:large","max-video-preview":"max-video-preview:-1"},"canonical":"https:\/\/www.satinpoursoie.fr\/index.php\/cours-ateliers-couture\/cours-individuels-de-couture\/","og_locale":"fr_FR","og_type":"article","og_title":"Cours Individuels de couture - Satin pour Soie","og_description":"Je vous accompagne dans vos besoins de formation \u00e0 travers des cours individuels de couture dans mon atelier ou \u00e0 votre domicile.","og_url":"https:\/\/www.satinpoursoie.fr\/index.php\/cours-ateliers-couture\/cours-individuels-de-couture\/","og_site_name":"Satin pour Soie","article_publisher":"https:\/\/www.facebook.com\/satinpoursoie","article_modified_time":"2023-10-03T09:28:29+00:00","og_image":[{"url":"http:\/\/www.satinpoursoie.fr\/wp-content\/uploads\/2023\/04\/IMG_20230209_170745_274-150x150.webp","type":"","width":"","height":""}],"twitter_card":"summary_large_image","twitter_misc":{"Dur\u00e9e de lecture estim\u00e9e":"3 minutes"},"schema":{"@context":"https:\/\/schema.org","@graph":[{"@type":"WebPage","@id":"https:\/\/www.satinpoursoie.fr\/index.php\/cours-ateliers-couture\/cours-individuels-de-couture\/","url":"https:\/\/www.satinpoursoie.fr\/index.php\/cours-ateliers-couture\/cours-individuels-de-couture\/","name":"Cours Individuels de couture - Satin pour Soie","isPartOf":{"@id":"https:\/\/www.satinpoursoie.fr\/#website"},"primaryImageOfPage":{"@id":"https:\/\/www.satinpoursoie.fr\/index.php\/cours-ateliers-couture\/cours-individuels-de-couture\/#primaryimage"},"image":{"@id":"https:\/\/www.satinpoursoie.fr\/index.php\/cours-ateliers-couture\/cours-individuels-de-couture\/#primaryimage"},"thumbnailUrl":"http:\/\/www.satinpoursoie.fr\/wp-content\/uploads\/2023\/04\/IMG_20230209_170745_274-150x150.webp","datePublished":"2023-04-18T12:59:56+00:00","dateModified":"2023-10-03T09:28:29+00:00","description":"Je vous accompagne dans vos besoins de formation \u00e0 travers des cours individuels de couture dans mon atelier ou \u00e0 votre domicile.","breadcrumb":{"@id":"https:\/\/www.satinpoursoie.fr\/index.php\/cours-ateliers-couture\/cours-individuels-de-couture\/#breadcrumb"},"inLanguage":"fr-FR","potentialAction":[{"@type":"ReadAction","target":["https:\/\/www.satinpoursoie.fr\/index.php\/cours-ateliers-couture\/cours-individuels-de-couture\/"]}]},{"@type":"ImageObject","inLanguage":"fr-FR","@id":"https:\/\/www.satinpoursoie.fr\/index.php\/cours-ateliers-couture\/cours-individuels-de-couture\/#primaryimage","url":"http:\/\/www.satinpoursoie.fr\/wp-content\/uploads\/2023\/04\/IMG_20230209_170745_274-150x150.webp","contentUrl":"http:\/\/www.satinpoursoie.fr\/wp-content\/uploads\/2023\/04\/IMG_20230209_170745_274-150x150.webp"},{"@type":"BreadcrumbList","@id":"https:\/\/www.satinpoursoie.fr\/index.php\/cours-ateliers-couture\/cours-individuels-de-couture\/#breadcrumb","itemListElement":[{"@type":"ListItem","position":1,"name":"Accueil","item":"https:\/\/www.satinpoursoie.fr\/"},{"@type":"ListItem","position":2,"name":"Cours &#038; Ateliers de Couture","item":"https:\/\/www.satinpoursoie.fr\/index.php\/cours-ateliers-couture\/"},{"@type":"ListItem","position":3,"name":"Cours Individuels de couture"}]},{"@type":"WebSite","@id":"https:\/\/www.satinpoursoie.fr\/#website","url":"https:\/\/www.satinpoursoie.fr\/","name":"Satin pour Soie","description":"Un atelier de couture sur mesure pour r\u00e9aliser vos r\u00eaves vestimentaires","publisher":{"@id":"https:\/\/www.satinpoursoie.fr\/#organization"},"potentialAction":[{"@type":"SearchAction","target":{"@type":"EntryPoint","urlTemplate":"https:\/\/www.satinpoursoie.fr\/?s={search_term_string}"},"query-input":{"@type":"PropertyValueSpecification","valueRequired":true,"valueName":"search_term_string"}}],"inLanguage":"fr-FR"},{"@type":"Organization","@id":"https:\/\/www.satinpoursoie.fr\/#organization","name":"Satin pour soie","url":"https:\/\/www.satinpoursoie.fr\/","logo":{"@type":"ImageObject","inLanguage":"fr-FR","@id":"https:\/\/www.satinpoursoie.fr\/#\/schema\/logo\/image\/","url":"https:\/\/www.satinpoursoie.fr\/wp-content\/uploads\/2023\/04\/cropped-Icon-Satin-1.png","contentUrl":"https:\/\/www.satinpoursoie.fr\/wp-content\/uploads\/2023\/04\/cropped-Icon-Satin-1.png","width":512,"height":512,"caption":"Satin pour soie"},"image":{"@id":"https:\/\/www.satinpoursoie.fr\/#\/schema\/logo\/image\/"},"sameAs":["https:\/\/www.facebook.com\/satinpoursoie","https:\/\/www.instagram.com\/satinpoursoie\/"]}]}},"_links":{"self":[{"href":"https:\/\/www.satinpoursoie.fr\/index.php\/wp-json\/wp\/v2\/pages\/75","targetHints":{"allow":["GET"]}}],"collection":[{"href":"https:\/\/www.satinpoursoie.fr\/index.php\/wp-json\/wp\/v2\/pages"}],"about":[{"href":"https:\/\/www.satinpoursoie.fr\/index.php\/wp-json\/wp\/v2\/types\/page"}],"author":[{"embeddable":true,"href":"https:\/\/www.satinpoursoie.fr\/index.php\/wp-json\/wp\/v2\/users\/1"}],"replies":[{"embeddable":true,"href":"https:\/\/www.satinpoursoie.fr\/index.php\/wp-json\/wp\/v2\/comments?post=75"}],"version-history":[{"count":6,"href":"https:\/\/www.satinpoursoie.fr\/index.php\/wp-json\/wp\/v2\/pages\/75\/revisions"}],"predecessor-version":[{"id":336,"href":"https:\/\/www.satinpoursoie.fr\/index.php\/wp-json\/wp\/v2\/pages\/75\/revisions\/336"}],"up":[{"embeddable":true,"href":"https:\/\/www.satinpoursoie.fr\/index.php\/wp-json\/wp\/v2\/pages\/17"}],"wp:attachment":[{"href":"https:\/\/www.satinpoursoie.fr\/index.php\/wp-json\/wp\/v2\/media?parent=75"}],"curies":[{"name":"wp","href":"https:\/\/api.w.org\/{rel}","templated":true}]}}