{"id":38,"date":"2023-04-18T12:50:53","date_gmt":"2023-04-18T10:50:53","guid":{"rendered":"http:\/\/www.satinpoursoie.fr\/?page_id=38"},"modified":"2025-03-28T17:30:03","modified_gmt":"2025-03-28T16:30:03","slug":"qui-suis-je","status":"publish","type":"page","link":"https:\/\/www.satinpoursoie.fr\/index.php\/satin-pour-soie\/qui-suis-je\/","title":{"rendered":"La Cr\u00e9atrice"},"content":{"rendered":"\n<h2 class=\"wp-block-heading has-text-color has-link-color wp-elements-6e4f1c76ef56d68f602973914110c4b1\" style=\"color:#b2727f\">Une passion qui se tisse depuis l\u2019enfance<\/h2>\n\n\n\n<p>Passionn\u00e9e de couture depuis mon enfance, c\u2019est \u00e0 17 ans que je r\u00e9alise mon tout premier v\u00eatement.<\/p>\n\n\n\n<p> Dans un placard, la vieille machine <a href=\"http:\/\/needlebar.org\/main\/elna\/index1.html\">Elna <\/a>de ma m\u00e8re attendait patiemment, entour\u00e9e de quelques coupons de tissu et d\u2019un n\u00e9cessaire de couture. Un magazine <a href=\"https:\/\/www.burdastyle.fr\/\">BURDA<\/a> en main, je me lance\u2026 et ne m\u2019arr\u00eate plus. Depuis, les aiguilles et fils en tout genre n\u2019ont jamais quitt\u00e9 mes mains. <\/p>\n\n\n\n<p>En 2021, je d\u00e9cide de franchir le pas. Apr\u00e8s une ann\u00e9e de formation et l\u2019obtention de mon dipl\u00f4me de couture, je pars en qu\u00eate d\u2019un <a href=\"https:\/\/www.satinpoursoie.fr\/index.php\/satin-pour-soie\/atelier-de-couture\/\">atelier \u00e0 Vichy<\/a>. Une fois trouv\u00e9 et am\u00e9nag\u00e9, <strong>Satin pour Soie<\/strong> voit le jour.<\/p>\n\n\n\n<h2 class=\"wp-block-heading has-text-color has-link-color wp-elements-3374f2491b036fb93475077a3f882f63\" style=\"color:#b2727f\">Mon univers cr\u00e9atif<\/h2>\n\n\n\n<p><strong>Satin pour Soie<\/strong>, c\u2019est plus qu\u2019un atelier, c\u2019est mon <strong>espace de cr\u00e9ation<\/strong>.<\/p>\n\n\n\n<p>Tout commence par une id\u00e9e\u2026 Un croquis rapide sur une feuille volante, quelques traits de g\u00e9om\u00e9trie pour tracer un patron, des heures de recherche pour d\u00e9nicher le tissu parfait. Puis viennent l\u2019\u00e9bauche, les ajustements, les retouches\u2026 Jusqu\u2019\u00e0 ce que mon mod\u00e8le prenne vie sous mes doigts.<\/p>\n\n\n\n<p>Mon inspiration ? <strong>Tout, sauf la mode.<\/strong><br>La nature qui s\u2019\u00e9veille, une histoire qui se raconte, un motif qui capte mon regard, une couleur qui me touche, une musique qui m\u2019emporte, un film qui m\u2019ouvre de nouveaux horizons, un livre qui me transporte\u2026 Chaque cr\u00e9ation est un reflet de moi.<\/p>\n\n\n\n<p>J\u2019attends que le tissu me parle, que les couleurs s\u2019harmonisent, que l\u2019aiguille trace son chemin, que le v\u00eatement apparaisse comme si les f\u00e9es de la belle au bois dormant avaient actionn\u00e9es leur baguette.<\/p>\n\n\n\n<p class=\"has-text-align-center has-background\" style=\"background-color:#d4aaaa\"><strong>Coudre, c\u2019est donner vie \u00e0 une envie, rev\u00eatir un r\u00eave, s\u2019habiller avec une id\u00e9e.<\/strong><\/p>\n\n\n\n<p><\/p>\n\n\n\n<p class=\"has-text-align-center has-background\" style=\"background-color:#eeeeee\"><em>\u00ab\u00a0Je ne suis pas un couturier, je suis un artisan, un fabricant de bonheur\u00a0\u00bb &#8211; <a href=\"https:\/\/museeyslparis.com\/\">YVES SAINT LAURENT.<\/a><\/em><\/p>\n\n\n\n<p><\/p>\n","protected":false},"excerpt":{"rendered":"<p>Une passion qui se tisse depuis l\u2019enfance Passionn\u00e9e de couture depuis mon enfance, c\u2019est \u00e0 17 ans que je r\u00e9alise mon tout premier v\u00eatement. Dans un placard, la vieille machine Elna de ma m\u00e8re attendait patiemment, entour\u00e9e de quelques coupons de tissu et d\u2019un n\u00e9cessaire de couture. Un magazine BURDA en main, je me lance\u2026 &hellip; <\/p>\n","protected":false},"author":1,"featured_media":0,"parent":508,"menu_order":0,"comment_status":"closed","ping_status":"closed","template":"","meta":{"footnotes":""},"class_list":["post-38","page","type-page","status-publish","hentry"],"yoast_head":"<!-- This site is optimized with the Yoast SEO plugin v27.4 - https:\/\/yoast.com\/product\/yoast-seo-wordpress\/ -->\n<title>La Cr\u00e9atrice - Satin pour Soie<\/title>\n<meta name=\"robots\" content=\"index, follow, max-snippet:-1, max-image-preview:large, max-video-preview:-1\" \/>\n<link rel=\"canonical\" href=\"https:\/\/www.satinpoursoie.fr\/index.php\/satin-pour-soie\/qui-suis-je\/\" \/>\n<meta property=\"og:locale\" content=\"fr_FR\" \/>\n<meta property=\"og:type\" content=\"article\" \/>\n<meta property=\"og:title\" content=\"La Cr\u00e9atrice - Satin pour Soie\" \/>\n<meta property=\"og:description\" content=\"Une passion qui se tisse depuis l\u2019enfance Passionn\u00e9e de couture depuis mon enfance, c\u2019est \u00e0 17 ans que je r\u00e9alise mon tout premier v\u00eatement. Dans un placard, la vieille machine Elna de ma m\u00e8re attendait patiemment, entour\u00e9e de quelques coupons de tissu et d\u2019un n\u00e9cessaire de couture. Un magazine BURDA en main, je me lance\u2026 &hellip;\" \/>\n<meta property=\"og:url\" content=\"https:\/\/www.satinpoursoie.fr\/index.php\/satin-pour-soie\/qui-suis-je\/\" \/>\n<meta property=\"og:site_name\" content=\"Satin pour Soie\" \/>\n<meta property=\"article:publisher\" content=\"https:\/\/www.facebook.com\/satinpoursoie\" \/>\n<meta property=\"article:modified_time\" content=\"2025-03-28T16:30:03+00:00\" \/>\n<meta name=\"twitter:card\" content=\"summary_large_image\" \/>\n<meta name=\"twitter:label1\" content=\"Dur\u00e9e de lecture estim\u00e9e\" \/>\n\t<meta name=\"twitter:data1\" content=\"2 minutes\" \/>\n<script type=\"application\/ld+json\" class=\"yoast-schema-graph\">{\"@context\":\"https:\\\/\\\/schema.org\",\"@graph\":[{\"@type\":\"WebPage\",\"@id\":\"https:\\\/\\\/www.satinpoursoie.fr\\\/index.php\\\/satin-pour-soie\\\/qui-suis-je\\\/\",\"url\":\"https:\\\/\\\/www.satinpoursoie.fr\\\/index.php\\\/satin-pour-soie\\\/qui-suis-je\\\/\",\"name\":\"La Cr\u00e9atrice - Satin pour Soie\",\"isPartOf\":{\"@id\":\"https:\\\/\\\/www.satinpoursoie.fr\\\/#website\"},\"datePublished\":\"2023-04-18T10:50:53+00:00\",\"dateModified\":\"2025-03-28T16:30:03+00:00\",\"breadcrumb\":{\"@id\":\"https:\\\/\\\/www.satinpoursoie.fr\\\/index.php\\\/satin-pour-soie\\\/qui-suis-je\\\/#breadcrumb\"},\"inLanguage\":\"fr-FR\",\"potentialAction\":[{\"@type\":\"ReadAction\",\"target\":[\"https:\\\/\\\/www.satinpoursoie.fr\\\/index.php\\\/satin-pour-soie\\\/qui-suis-je\\\/\"]}]},{\"@type\":\"BreadcrumbList\",\"@id\":\"https:\\\/\\\/www.satinpoursoie.fr\\\/index.php\\\/satin-pour-soie\\\/qui-suis-je\\\/#breadcrumb\",\"itemListElement\":[{\"@type\":\"ListItem\",\"position\":1,\"name\":\"Accueil\",\"item\":\"https:\\\/\\\/www.satinpoursoie.fr\\\/\"},{\"@type\":\"ListItem\",\"position\":2,\"name\":\"SATIN POUR SOIE\",\"item\":\"https:\\\/\\\/www.satinpoursoie.fr\\\/index.php\\\/satin-pour-soie\\\/\"},{\"@type\":\"ListItem\",\"position\":3,\"name\":\"La Cr\u00e9atrice\"}]},{\"@type\":\"WebSite\",\"@id\":\"https:\\\/\\\/www.satinpoursoie.fr\\\/#website\",\"url\":\"https:\\\/\\\/www.satinpoursoie.fr\\\/\",\"name\":\"Satin pour Soie\",\"description\":\"Un atelier de couture sur mesure pour r\u00e9aliser vos r\u00eaves vestimentaires\",\"publisher\":{\"@id\":\"https:\\\/\\\/www.satinpoursoie.fr\\\/#organization\"},\"potentialAction\":[{\"@type\":\"SearchAction\",\"target\":{\"@type\":\"EntryPoint\",\"urlTemplate\":\"https:\\\/\\\/www.satinpoursoie.fr\\\/?s={search_term_string}\"},\"query-input\":{\"@type\":\"PropertyValueSpecification\",\"valueRequired\":true,\"valueName\":\"search_term_string\"}}],\"inLanguage\":\"fr-FR\"},{\"@type\":\"Organization\",\"@id\":\"https:\\\/\\\/www.satinpoursoie.fr\\\/#organization\",\"name\":\"Satin pour soie\",\"url\":\"https:\\\/\\\/www.satinpoursoie.fr\\\/\",\"logo\":{\"@type\":\"ImageObject\",\"inLanguage\":\"fr-FR\",\"@id\":\"https:\\\/\\\/www.satinpoursoie.fr\\\/#\\\/schema\\\/logo\\\/image\\\/\",\"url\":\"https:\\\/\\\/www.satinpoursoie.fr\\\/wp-content\\\/uploads\\\/2023\\\/04\\\/cropped-Icon-Satin-1.png\",\"contentUrl\":\"https:\\\/\\\/www.satinpoursoie.fr\\\/wp-content\\\/uploads\\\/2023\\\/04\\\/cropped-Icon-Satin-1.png\",\"width\":512,\"height\":512,\"caption\":\"Satin pour soie\"},\"image\":{\"@id\":\"https:\\\/\\\/www.satinpoursoie.fr\\\/#\\\/schema\\\/logo\\\/image\\\/\"},\"sameAs\":[\"https:\\\/\\\/www.facebook.com\\\/satinpoursoie\",\"https:\\\/\\\/www.instagram.com\\\/satinpoursoie\\\/\"]}]}<\/script>\n<!-- \/ Yoast SEO plugin. -->","yoast_head_json":{"title":"La Cr\u00e9atrice - Satin pour Soie","robots":{"index":"index","follow":"follow","max-snippet":"max-snippet:-1","max-image-preview":"max-image-preview:large","max-video-preview":"max-video-preview:-1"},"canonical":"https:\/\/www.satinpoursoie.fr\/index.php\/satin-pour-soie\/qui-suis-je\/","og_locale":"fr_FR","og_type":"article","og_title":"La Cr\u00e9atrice - Satin pour Soie","og_description":"Une passion qui se tisse depuis l\u2019enfance Passionn\u00e9e de couture depuis mon enfance, c\u2019est \u00e0 17 ans que je r\u00e9alise mon tout premier v\u00eatement. Dans un placard, la vieille machine Elna de ma m\u00e8re attendait patiemment, entour\u00e9e de quelques coupons de tissu et d\u2019un n\u00e9cessaire de couture. Un magazine BURDA en main, je me lance\u2026 &hellip;","og_url":"https:\/\/www.satinpoursoie.fr\/index.php\/satin-pour-soie\/qui-suis-je\/","og_site_name":"Satin pour Soie","article_publisher":"https:\/\/www.facebook.com\/satinpoursoie","article_modified_time":"2025-03-28T16:30:03+00:00","twitter_card":"summary_large_image","twitter_misc":{"Dur\u00e9e de lecture estim\u00e9e":"2 minutes"},"schema":{"@context":"https:\/\/schema.org","@graph":[{"@type":"WebPage","@id":"https:\/\/www.satinpoursoie.fr\/index.php\/satin-pour-soie\/qui-suis-je\/","url":"https:\/\/www.satinpoursoie.fr\/index.php\/satin-pour-soie\/qui-suis-je\/","name":"La Cr\u00e9atrice - Satin pour Soie","isPartOf":{"@id":"https:\/\/www.satinpoursoie.fr\/#website"},"datePublished":"2023-04-18T10:50:53+00:00","dateModified":"2025-03-28T16:30:03+00:00","breadcrumb":{"@id":"https:\/\/www.satinpoursoie.fr\/index.php\/satin-pour-soie\/qui-suis-je\/#breadcrumb"},"inLanguage":"fr-FR","potentialAction":[{"@type":"ReadAction","target":["https:\/\/www.satinpoursoie.fr\/index.php\/satin-pour-soie\/qui-suis-je\/"]}]},{"@type":"BreadcrumbList","@id":"https:\/\/www.satinpoursoie.fr\/index.php\/satin-pour-soie\/qui-suis-je\/#breadcrumb","itemListElement":[{"@type":"ListItem","position":1,"name":"Accueil","item":"https:\/\/www.satinpoursoie.fr\/"},{"@type":"ListItem","position":2,"name":"SATIN POUR SOIE","item":"https:\/\/www.satinpoursoie.fr\/index.php\/satin-pour-soie\/"},{"@type":"ListItem","position":3,"name":"La Cr\u00e9atrice"}]},{"@type":"WebSite","@id":"https:\/\/www.satinpoursoie.fr\/#website","url":"https:\/\/www.satinpoursoie.fr\/","name":"Satin pour Soie","description":"Un atelier de couture sur mesure pour r\u00e9aliser vos r\u00eaves vestimentaires","publisher":{"@id":"https:\/\/www.satinpoursoie.fr\/#organization"},"potentialAction":[{"@type":"SearchAction","target":{"@type":"EntryPoint","urlTemplate":"https:\/\/www.satinpoursoie.fr\/?s={search_term_string}"},"query-input":{"@type":"PropertyValueSpecification","valueRequired":true,"valueName":"search_term_string"}}],"inLanguage":"fr-FR"},{"@type":"Organization","@id":"https:\/\/www.satinpoursoie.fr\/#organization","name":"Satin pour soie","url":"https:\/\/www.satinpoursoie.fr\/","logo":{"@type":"ImageObject","inLanguage":"fr-FR","@id":"https:\/\/www.satinpoursoie.fr\/#\/schema\/logo\/image\/","url":"https:\/\/www.satinpoursoie.fr\/wp-content\/uploads\/2023\/04\/cropped-Icon-Satin-1.png","contentUrl":"https:\/\/www.satinpoursoie.fr\/wp-content\/uploads\/2023\/04\/cropped-Icon-Satin-1.png","width":512,"height":512,"caption":"Satin pour soie"},"image":{"@id":"https:\/\/www.satinpoursoie.fr\/#\/schema\/logo\/image\/"},"sameAs":["https:\/\/www.facebook.com\/satinpoursoie","https:\/\/www.instagram.com\/satinpoursoie\/"]}]}},"_links":{"self":[{"href":"https:\/\/www.satinpoursoie.fr\/index.php\/wp-json\/wp\/v2\/pages\/38","targetHints":{"allow":["GET"]}}],"collection":[{"href":"https:\/\/www.satinpoursoie.fr\/index.php\/wp-json\/wp\/v2\/pages"}],"about":[{"href":"https:\/\/www.satinpoursoie.fr\/index.php\/wp-json\/wp\/v2\/types\/page"}],"author":[{"embeddable":true,"href":"https:\/\/www.satinpoursoie.fr\/index.php\/wp-json\/wp\/v2\/users\/1"}],"replies":[{"embeddable":true,"href":"https:\/\/www.satinpoursoie.fr\/index.php\/wp-json\/wp\/v2\/comments?post=38"}],"version-history":[{"count":6,"href":"https:\/\/www.satinpoursoie.fr\/index.php\/wp-json\/wp\/v2\/pages\/38\/revisions"}],"predecessor-version":[{"id":699,"href":"https:\/\/www.satinpoursoie.fr\/index.php\/wp-json\/wp\/v2\/pages\/38\/revisions\/699"}],"up":[{"embeddable":true,"href":"https:\/\/www.satinpoursoie.fr\/index.php\/wp-json\/wp\/v2\/pages\/508"}],"wp:attachment":[{"href":"https:\/\/www.satinpoursoie.fr\/index.php\/wp-json\/wp\/v2\/media?parent=38"}],"curies":[{"name":"wp","href":"https:\/\/api.w.org\/{rel}","templated":true}]}}