{"id":210,"date":"2023-04-19T16:10:44","date_gmt":"2023-04-19T14:10:44","guid":{"rendered":"http:\/\/www.satinpoursoie.fr\/?page_id=210"},"modified":"2023-10-13T16:11:05","modified_gmt":"2023-10-13T14:11:05","slug":"coaching-couture","status":"publish","type":"page","link":"https:\/\/www.satinpoursoie.fr\/index.php\/coaching-couture\/","title":{"rendered":"Coaching Couture"},"content":{"rendered":"\n<div class=\"wp-block-cover alignleft is-light\"><span aria-hidden=\"true\" class=\"wp-block-cover__background has-background-dim\"><\/span><img loading=\"lazy\" decoding=\"async\" width=\"768\" height=\"1024\" class=\"wp-block-cover__image-background wp-image-314\" alt=\"Coaching Couture placement Patron\" src=\"https:\/\/www.satinpoursoie.fr\/wp-content\/uploads\/2023\/09\/20230706_180038-768x1024.jpg\" data-object-fit=\"cover\" srcset=\"https:\/\/www.satinpoursoie.fr\/wp-content\/uploads\/2023\/09\/20230706_180038-768x1024.jpg 768w, https:\/\/www.satinpoursoie.fr\/wp-content\/uploads\/2023\/09\/20230706_180038-scaled-600x800.jpg 600w, https:\/\/www.satinpoursoie.fr\/wp-content\/uploads\/2023\/09\/20230706_180038-225x300.jpg 225w, https:\/\/www.satinpoursoie.fr\/wp-content\/uploads\/2023\/09\/20230706_180038-1152x1536.jpg 1152w, https:\/\/www.satinpoursoie.fr\/wp-content\/uploads\/2023\/09\/20230706_180038-1536x2048.jpg 1536w, https:\/\/www.satinpoursoie.fr\/wp-content\/uploads\/2023\/09\/20230706_180038-45x60.jpg 45w, https:\/\/www.satinpoursoie.fr\/wp-content\/uploads\/2023\/09\/20230706_180038-scaled.jpg 1920w\" sizes=\"auto, (max-width: 768px) 100vw, 768px\" \/><div class=\"wp-block-cover__inner-container is-layout-flow wp-block-cover-is-layout-flow\">\n<p class=\"has-text-align-center has-large-font-size\"><\/p>\n<\/div><\/div>\n\n\n\n<h2 class=\"wp-block-heading\">Le Coaching Couture, Pourquoi?<\/h2>\n\n\n\n<p>Vous avez un projet mais vous n&rsquo;osez pas vous lancer. Le <a href=\"https:\/\/fr.wikipedia.org\/wiki\/Coaching\">coaching<\/a> couture est fait pour vous.<\/p>\n\n\n\n<p>Venez avec votre patron! <\/p>\n\n\n\n<p>Je vous accompagne \u00e0 travers toutes les \u00e9tapes de la cr\u00e9ation d&rsquo;un v\u00eatement. <strong>Analyse du Patron<\/strong>, choix du <strong>tissu<\/strong>, <strong>techniques <\/strong>de couture, <strong>finitions<\/strong>, nous analyserons la totalit\u00e9 de votre projet.<\/p>\n\n\n\n<p>Et pour finir, pourquoi pas une s\u00e9ance photo dans les <a href=\"https:\/\/www.allier-auvergne-tourisme.com\/culture-patrimoine\/villes-villages\/vichy\/parcs-jardin-159-1.html\">parcs de Vichy<\/a> !<\/p>\n\n\n\n<h2 class=\"wp-block-heading\">Le Coaching Couture : Comment?<\/h2>\n\n\n\n<div class=\"wp-block-columns are-vertically-aligned-center is-layout-flex wp-container-core-columns-is-layout-9d6595d7 wp-block-columns-is-layout-flex\">\n<div class=\"wp-block-column is-vertically-aligned-center has-background is-layout-flow wp-block-column-is-layout-flow\" style=\"background-color:#b2727f;flex-basis:50%\">\n<p class=\"has-text-align-center has-black-color has-text-color\"><strong>Dur\u00e9e<\/strong> : 6 Heures<\/p>\n<\/div>\n\n\n\n<div class=\"wp-block-column is-vertically-aligned-center has-background is-layout-flow wp-block-column-is-layout-flow\" style=\"background-color:#bababa;flex-basis:50%\">\n<p class=\"has-text-align-center has-black-color has-text-color\"><strong>Tarif<\/strong> : 150\u20ac<\/p>\n<\/div>\n<\/div>\n\n\n\n<div class=\"wp-block-columns is-layout-flex wp-container-core-columns-is-layout-9d6595d7 wp-block-columns-is-layout-flex\">\n<div class=\"wp-block-column has-background is-layout-flow wp-block-column-is-layout-flow\" style=\"background-color:#d4aaaa\">\n<h3 class=\"wp-block-heading has-text-align-center\">Etape 1 : <\/h3>\n\n\n\n<h4 class=\"wp-block-heading\">En s\u00e9ance (2h) :<\/h4>\n\n\n\n<ul class=\"wp-block-list\">\n<li>Analyse du Patron<\/li>\n\n\n\n<li>Choix des tissus et Fournitures<\/li>\n\n\n\n<li>Prise de Mesure<\/li>\n\n\n\n<li>Ajustement du Patron<\/li>\n\n\n\n<li>Explication des techniques de Coupe<\/li>\n<\/ul>\n\n\n\n<h4 class=\"wp-block-heading\">A Domicile : <\/h4>\n\n\n\n<ul class=\"wp-block-list\">\n<li>Reprise du Patron Papier<\/li>\n\n\n\n<li>Coupe du tissu et Identification des pi\u00e8ces<\/li>\n<\/ul>\n<\/div>\n\n\n\n<div class=\"wp-block-column has-background is-layout-flow wp-block-column-is-layout-flow\" style=\"background-color:#d4aaaa\">\n<h3 class=\"wp-block-heading has-text-align-center\">Etape 2<\/h3>\n\n\n\n<h4 class=\"wp-block-heading\">En s\u00e9ance (2h) :<\/h4>\n\n\n\n<ul class=\"wp-block-list\">\n<li>V\u00e9rification des coupes<\/li>\n\n\n\n<li>Gamme de Montage<\/li>\n\n\n\n<li>Techniques de Montage<\/li>\n\n\n\n<li>Techniques de Couture<\/li>\n<\/ul>\n\n\n\n<h4 class=\"wp-block-heading\">A Domicile :<\/h4>\n\n\n\n<ul class=\"wp-block-list\">\n<li>Montage du v\u00eatement<\/li>\n<\/ul>\n<\/div>\n\n\n\n<div class=\"wp-block-column has-background is-layout-flow wp-block-column-is-layout-flow\" style=\"background-color:#d4aaaa\">\n<h3 class=\"wp-block-heading has-text-align-center\">Etape 3<\/h3>\n\n\n\n<h4 class=\"wp-block-heading\">En s\u00e9ance (1h) :<\/h4>\n\n\n\n<ul class=\"wp-block-list\">\n<li>Essayage et Ajustage<\/li>\n\n\n\n<li>Techniques de Finitions (boutonni\u00e8re, ourlet&#8230;)<\/li>\n<\/ul>\n\n\n\n<h4 class=\"wp-block-heading\">A Domicile : <\/h4>\n\n\n\n<ul class=\"wp-block-list\">\n<li>R\u00e9alisation des Finitions<\/li>\n<\/ul>\n<\/div>\n<\/div>\n\n\n\n<div class=\"wp-block-columns has-black-color has-text-color has-background is-layout-flex wp-container-core-columns-is-layout-9d6595d7 wp-block-columns-is-layout-flex\" style=\"background-color:#b2727f\">\n<div class=\"wp-block-column is-layout-flow wp-block-column-is-layout-flow\" style=\"flex-basis:50%\">\n<h4 class=\"wp-block-heading\">S\u00e9ance Finale (1h)<\/h4>\n<\/div>\n\n\n\n<div class=\"wp-block-column is-layout-flow wp-block-column-is-layout-flow\" style=\"flex-basis:50%\">\n<p>V\u00e9rification et S\u00e9ance Photo<\/p>\n<\/div>\n<\/div>\n\n\n\n<div class=\"wp-block-columns is-layout-flex wp-container-core-columns-is-layout-9d6595d7 wp-block-columns-is-layout-flex\">\n<div class=\"wp-block-column is-layout-flow wp-block-column-is-layout-flow\">\n<div class=\"wp-block-buttons is-content-justification-center is-layout-flex wp-container-core-buttons-is-layout-16018d1d wp-block-buttons-is-layout-flex\">\n<div class=\"wp-block-button has-custom-width wp-block-button__width-75 is-style-outline is-style-outline--1\"><a class=\"wp-block-button__link wp-element-button\" href=\"https:\/\/www.satinpoursoie.fr\/index.php\/contacts\/\">Contactez-moi<\/a><\/div>\n<\/div>\n<\/div>\n<\/div>\n","protected":false},"excerpt":{"rendered":"<p>Le Coaching Couture, Pourquoi? Vous avez un projet mais vous n&rsquo;osez pas vous lancer. Le coaching couture est fait pour vous. Venez avec votre patron! Je vous accompagne \u00e0 travers toutes les \u00e9tapes de la cr\u00e9ation d&rsquo;un v\u00eatement. Analyse du Patron, choix du tissu, techniques de couture, finitions, nous analyserons la totalit\u00e9 de votre projet. &hellip; <\/p>\n","protected":false},"author":1,"featured_media":0,"parent":0,"menu_order":0,"comment_status":"closed","ping_status":"closed","template":"","meta":{"footnotes":""},"class_list":["post-210","page","type-page","status-publish","hentry"],"yoast_head":"<!-- This site is optimized with the Yoast SEO plugin v27.4 - https:\/\/yoast.com\/product\/yoast-seo-wordpress\/ -->\n<title>Coaching Couture - Satin pour Soie<\/title>\n<meta name=\"description\" content=\"Un Coaching Couture personnalis\u00e9 du patron \u00e0 la r\u00e9alisation de votre v\u00eatement. Abordez la couture en r\u00e9alisant vous m\u00eame votre projet.\" \/>\n<meta name=\"robots\" content=\"index, follow, max-snippet:-1, max-image-preview:large, max-video-preview:-1\" \/>\n<link rel=\"canonical\" href=\"https:\/\/www.satinpoursoie.fr\/index.php\/coaching-couture\/\" \/>\n<meta property=\"og:locale\" content=\"fr_FR\" \/>\n<meta property=\"og:type\" content=\"article\" \/>\n<meta property=\"og:title\" content=\"Coaching Couture - Satin pour Soie\" \/>\n<meta property=\"og:description\" content=\"Un Coaching Couture personnalis\u00e9 du patron \u00e0 la r\u00e9alisation de votre v\u00eatement. Abordez la couture en r\u00e9alisant vous m\u00eame votre projet.\" \/>\n<meta property=\"og:url\" content=\"https:\/\/www.satinpoursoie.fr\/index.php\/coaching-couture\/\" \/>\n<meta property=\"og:site_name\" content=\"Satin pour Soie\" \/>\n<meta property=\"article:publisher\" content=\"https:\/\/www.facebook.com\/satinpoursoie\" \/>\n<meta property=\"article:modified_time\" content=\"2023-10-13T14:11:05+00:00\" \/>\n<meta property=\"og:image\" content=\"https:\/\/www.satinpoursoie.fr\/wp-content\/uploads\/2023\/09\/20230706_180038-768x1024.jpg\" \/>\n<meta name=\"twitter:card\" content=\"summary_large_image\" \/>\n<meta name=\"twitter:label1\" content=\"Dur\u00e9e de lecture estim\u00e9e\" \/>\n\t<meta name=\"twitter:data1\" content=\"2 minutes\" \/>\n<script type=\"application\/ld+json\" class=\"yoast-schema-graph\">{\"@context\":\"https:\\\/\\\/schema.org\",\"@graph\":[{\"@type\":\"WebPage\",\"@id\":\"https:\\\/\\\/www.satinpoursoie.fr\\\/index.php\\\/coaching-couture\\\/\",\"url\":\"https:\\\/\\\/www.satinpoursoie.fr\\\/index.php\\\/coaching-couture\\\/\",\"name\":\"Coaching Couture - Satin pour Soie\",\"isPartOf\":{\"@id\":\"https:\\\/\\\/www.satinpoursoie.fr\\\/#website\"},\"primaryImageOfPage\":{\"@id\":\"https:\\\/\\\/www.satinpoursoie.fr\\\/index.php\\\/coaching-couture\\\/#primaryimage\"},\"image\":{\"@id\":\"https:\\\/\\\/www.satinpoursoie.fr\\\/index.php\\\/coaching-couture\\\/#primaryimage\"},\"thumbnailUrl\":\"https:\\\/\\\/www.satinpoursoie.fr\\\/wp-content\\\/uploads\\\/2023\\\/09\\\/20230706_180038-768x1024.jpg\",\"datePublished\":\"2023-04-19T14:10:44+00:00\",\"dateModified\":\"2023-10-13T14:11:05+00:00\",\"description\":\"Un Coaching Couture personnalis\u00e9 du patron \u00e0 la r\u00e9alisation de votre v\u00eatement. Abordez la couture en r\u00e9alisant vous m\u00eame votre projet.\",\"breadcrumb\":{\"@id\":\"https:\\\/\\\/www.satinpoursoie.fr\\\/index.php\\\/coaching-couture\\\/#breadcrumb\"},\"inLanguage\":\"fr-FR\",\"potentialAction\":[{\"@type\":\"ReadAction\",\"target\":[\"https:\\\/\\\/www.satinpoursoie.fr\\\/index.php\\\/coaching-couture\\\/\"]}]},{\"@type\":\"ImageObject\",\"inLanguage\":\"fr-FR\",\"@id\":\"https:\\\/\\\/www.satinpoursoie.fr\\\/index.php\\\/coaching-couture\\\/#primaryimage\",\"url\":\"https:\\\/\\\/www.satinpoursoie.fr\\\/wp-content\\\/uploads\\\/2023\\\/09\\\/20230706_180038-scaled.jpg\",\"contentUrl\":\"https:\\\/\\\/www.satinpoursoie.fr\\\/wp-content\\\/uploads\\\/2023\\\/09\\\/20230706_180038-scaled.jpg\",\"width\":1920,\"height\":2560,\"caption\":\"Coaching couture Je place mes pi\u00e8ces de patron\"},{\"@type\":\"BreadcrumbList\",\"@id\":\"https:\\\/\\\/www.satinpoursoie.fr\\\/index.php\\\/coaching-couture\\\/#breadcrumb\",\"itemListElement\":[{\"@type\":\"ListItem\",\"position\":1,\"name\":\"Accueil\",\"item\":\"https:\\\/\\\/www.satinpoursoie.fr\\\/\"},{\"@type\":\"ListItem\",\"position\":2,\"name\":\"Coaching Couture\"}]},{\"@type\":\"WebSite\",\"@id\":\"https:\\\/\\\/www.satinpoursoie.fr\\\/#website\",\"url\":\"https:\\\/\\\/www.satinpoursoie.fr\\\/\",\"name\":\"Satin pour Soie\",\"description\":\"Un atelier de couture sur mesure pour r\u00e9aliser vos r\u00eaves vestimentaires\",\"publisher\":{\"@id\":\"https:\\\/\\\/www.satinpoursoie.fr\\\/#organization\"},\"potentialAction\":[{\"@type\":\"SearchAction\",\"target\":{\"@type\":\"EntryPoint\",\"urlTemplate\":\"https:\\\/\\\/www.satinpoursoie.fr\\\/?s={search_term_string}\"},\"query-input\":{\"@type\":\"PropertyValueSpecification\",\"valueRequired\":true,\"valueName\":\"search_term_string\"}}],\"inLanguage\":\"fr-FR\"},{\"@type\":\"Organization\",\"@id\":\"https:\\\/\\\/www.satinpoursoie.fr\\\/#organization\",\"name\":\"Satin pour soie\",\"url\":\"https:\\\/\\\/www.satinpoursoie.fr\\\/\",\"logo\":{\"@type\":\"ImageObject\",\"inLanguage\":\"fr-FR\",\"@id\":\"https:\\\/\\\/www.satinpoursoie.fr\\\/#\\\/schema\\\/logo\\\/image\\\/\",\"url\":\"https:\\\/\\\/www.satinpoursoie.fr\\\/wp-content\\\/uploads\\\/2023\\\/04\\\/cropped-Icon-Satin-1.png\",\"contentUrl\":\"https:\\\/\\\/www.satinpoursoie.fr\\\/wp-content\\\/uploads\\\/2023\\\/04\\\/cropped-Icon-Satin-1.png\",\"width\":512,\"height\":512,\"caption\":\"Satin pour soie\"},\"image\":{\"@id\":\"https:\\\/\\\/www.satinpoursoie.fr\\\/#\\\/schema\\\/logo\\\/image\\\/\"},\"sameAs\":[\"https:\\\/\\\/www.facebook.com\\\/satinpoursoie\",\"https:\\\/\\\/www.instagram.com\\\/satinpoursoie\\\/\"]}]}<\/script>\n<!-- \/ Yoast SEO plugin. -->","yoast_head_json":{"title":"Coaching Couture - Satin pour Soie","description":"Un Coaching Couture personnalis\u00e9 du patron \u00e0 la r\u00e9alisation de votre v\u00eatement. Abordez la couture en r\u00e9alisant vous m\u00eame votre projet.","robots":{"index":"index","follow":"follow","max-snippet":"max-snippet:-1","max-image-preview":"max-image-preview:large","max-video-preview":"max-video-preview:-1"},"canonical":"https:\/\/www.satinpoursoie.fr\/index.php\/coaching-couture\/","og_locale":"fr_FR","og_type":"article","og_title":"Coaching Couture - Satin pour Soie","og_description":"Un Coaching Couture personnalis\u00e9 du patron \u00e0 la r\u00e9alisation de votre v\u00eatement. Abordez la couture en r\u00e9alisant vous m\u00eame votre projet.","og_url":"https:\/\/www.satinpoursoie.fr\/index.php\/coaching-couture\/","og_site_name":"Satin pour Soie","article_publisher":"https:\/\/www.facebook.com\/satinpoursoie","article_modified_time":"2023-10-13T14:11:05+00:00","og_image":[{"url":"https:\/\/www.satinpoursoie.fr\/wp-content\/uploads\/2023\/09\/20230706_180038-768x1024.jpg","type":"","width":"","height":""}],"twitter_card":"summary_large_image","twitter_misc":{"Dur\u00e9e de lecture estim\u00e9e":"2 minutes"},"schema":{"@context":"https:\/\/schema.org","@graph":[{"@type":"WebPage","@id":"https:\/\/www.satinpoursoie.fr\/index.php\/coaching-couture\/","url":"https:\/\/www.satinpoursoie.fr\/index.php\/coaching-couture\/","name":"Coaching Couture - Satin pour Soie","isPartOf":{"@id":"https:\/\/www.satinpoursoie.fr\/#website"},"primaryImageOfPage":{"@id":"https:\/\/www.satinpoursoie.fr\/index.php\/coaching-couture\/#primaryimage"},"image":{"@id":"https:\/\/www.satinpoursoie.fr\/index.php\/coaching-couture\/#primaryimage"},"thumbnailUrl":"https:\/\/www.satinpoursoie.fr\/wp-content\/uploads\/2023\/09\/20230706_180038-768x1024.jpg","datePublished":"2023-04-19T14:10:44+00:00","dateModified":"2023-10-13T14:11:05+00:00","description":"Un Coaching Couture personnalis\u00e9 du patron \u00e0 la r\u00e9alisation de votre v\u00eatement. Abordez la couture en r\u00e9alisant vous m\u00eame votre projet.","breadcrumb":{"@id":"https:\/\/www.satinpoursoie.fr\/index.php\/coaching-couture\/#breadcrumb"},"inLanguage":"fr-FR","potentialAction":[{"@type":"ReadAction","target":["https:\/\/www.satinpoursoie.fr\/index.php\/coaching-couture\/"]}]},{"@type":"ImageObject","inLanguage":"fr-FR","@id":"https:\/\/www.satinpoursoie.fr\/index.php\/coaching-couture\/#primaryimage","url":"https:\/\/www.satinpoursoie.fr\/wp-content\/uploads\/2023\/09\/20230706_180038-scaled.jpg","contentUrl":"https:\/\/www.satinpoursoie.fr\/wp-content\/uploads\/2023\/09\/20230706_180038-scaled.jpg","width":1920,"height":2560,"caption":"Coaching couture Je place mes pi\u00e8ces de patron"},{"@type":"BreadcrumbList","@id":"https:\/\/www.satinpoursoie.fr\/index.php\/coaching-couture\/#breadcrumb","itemListElement":[{"@type":"ListItem","position":1,"name":"Accueil","item":"https:\/\/www.satinpoursoie.fr\/"},{"@type":"ListItem","position":2,"name":"Coaching Couture"}]},{"@type":"WebSite","@id":"https:\/\/www.satinpoursoie.fr\/#website","url":"https:\/\/www.satinpoursoie.fr\/","name":"Satin pour Soie","description":"Un atelier de couture sur mesure pour r\u00e9aliser vos r\u00eaves vestimentaires","publisher":{"@id":"https:\/\/www.satinpoursoie.fr\/#organization"},"potentialAction":[{"@type":"SearchAction","target":{"@type":"EntryPoint","urlTemplate":"https:\/\/www.satinpoursoie.fr\/?s={search_term_string}"},"query-input":{"@type":"PropertyValueSpecification","valueRequired":true,"valueName":"search_term_string"}}],"inLanguage":"fr-FR"},{"@type":"Organization","@id":"https:\/\/www.satinpoursoie.fr\/#organization","name":"Satin pour soie","url":"https:\/\/www.satinpoursoie.fr\/","logo":{"@type":"ImageObject","inLanguage":"fr-FR","@id":"https:\/\/www.satinpoursoie.fr\/#\/schema\/logo\/image\/","url":"https:\/\/www.satinpoursoie.fr\/wp-content\/uploads\/2023\/04\/cropped-Icon-Satin-1.png","contentUrl":"https:\/\/www.satinpoursoie.fr\/wp-content\/uploads\/2023\/04\/cropped-Icon-Satin-1.png","width":512,"height":512,"caption":"Satin pour soie"},"image":{"@id":"https:\/\/www.satinpoursoie.fr\/#\/schema\/logo\/image\/"},"sameAs":["https:\/\/www.facebook.com\/satinpoursoie","https:\/\/www.instagram.com\/satinpoursoie\/"]}]}},"_links":{"self":[{"href":"https:\/\/www.satinpoursoie.fr\/index.php\/wp-json\/wp\/v2\/pages\/210","targetHints":{"allow":["GET"]}}],"collection":[{"href":"https:\/\/www.satinpoursoie.fr\/index.php\/wp-json\/wp\/v2\/pages"}],"about":[{"href":"https:\/\/www.satinpoursoie.fr\/index.php\/wp-json\/wp\/v2\/types\/page"}],"author":[{"embeddable":true,"href":"https:\/\/www.satinpoursoie.fr\/index.php\/wp-json\/wp\/v2\/users\/1"}],"replies":[{"embeddable":true,"href":"https:\/\/www.satinpoursoie.fr\/index.php\/wp-json\/wp\/v2\/comments?post=210"}],"version-history":[{"count":8,"href":"https:\/\/www.satinpoursoie.fr\/index.php\/wp-json\/wp\/v2\/pages\/210\/revisions"}],"predecessor-version":[{"id":534,"href":"https:\/\/www.satinpoursoie.fr\/index.php\/wp-json\/wp\/v2\/pages\/210\/revisions\/534"}],"wp:attachment":[{"href":"https:\/\/www.satinpoursoie.fr\/index.php\/wp-json\/wp\/v2\/media?parent=210"}],"curies":[{"name":"wp","href":"https:\/\/api.w.org\/{rel}","templated":true}]}}