{"id":19,"date":"2023-04-18T12:50:53","date_gmt":"2023-04-18T10:50:53","guid":{"rendered":"http:\/\/www.satinpoursoie.fr\/?page_id=19"},"modified":"2023-10-12T09:52:32","modified_gmt":"2023-10-12T07:52:32","slug":"contact","status":"publish","type":"page","link":"https:\/\/www.satinpoursoie.fr\/index.php\/contact\/","title":{"rendered":"Contact"},"content":{"rendered":"\n<div class=\"wp-block-media-text is-stacked-on-mobile\"><figure class=\"wp-block-media-text__media\"><img loading=\"lazy\" decoding=\"async\" width=\"1024\" height=\"485\" src=\"https:\/\/www.satinpoursoie.fr\/wp-content\/uploads\/2023\/10\/carte-de-visite-1024x485.jpg\" alt=\"Contact atelier\" class=\"wp-image-420 size-full\" srcset=\"https:\/\/www.satinpoursoie.fr\/wp-content\/uploads\/2023\/10\/carte-de-visite-1024x485.jpg 1024w, https:\/\/www.satinpoursoie.fr\/wp-content\/uploads\/2023\/10\/carte-de-visite-scaled-600x284.jpg 600w, https:\/\/www.satinpoursoie.fr\/wp-content\/uploads\/2023\/10\/carte-de-visite-300x142.jpg 300w, https:\/\/www.satinpoursoie.fr\/wp-content\/uploads\/2023\/10\/carte-de-visite-768x364.jpg 768w, https:\/\/www.satinpoursoie.fr\/wp-content\/uploads\/2023\/10\/carte-de-visite-1536x728.jpg 1536w, https:\/\/www.satinpoursoie.fr\/wp-content\/uploads\/2023\/10\/carte-de-visite-2048x970.jpg 2048w, https:\/\/www.satinpoursoie.fr\/wp-content\/uploads\/2023\/10\/carte-de-visite-127x60.jpg 127w\" sizes=\"auto, (max-width: 1024px) 100vw, 1024px\" \/><\/figure><div class=\"wp-block-media-text__content\">\n<p>N&rsquo;h\u00e9sitez pas \u00e0 me contacter pour toute demande de renseignement ou suggestions en utilisant le formulaire de contact ci-dessous ou par t\u00e9l\u00e9phone au 06.58.22.11.83.<\/p>\n<\/div><\/div>\n\n\n\n<div class=\"wp-block-columns is-layout-flex wp-container-core-columns-is-layout-9d6595d7 wp-block-columns-is-layout-flex\">\n<div class=\"wp-block-column is-layout-flow wp-block-column-is-layout-flow\" style=\"flex-basis:100%\"><div class=\"wpforms-container wpforms-container-full wpforms-block wpforms-block-c344697e-612d-47b7-80d1-b3db514acf00 wpforms-render-modern\" id=\"wpforms-28\"><form id=\"wpforms-form-28\" class=\"wpforms-validate wpforms-form wpforms-ajax-form\" data-formid=\"28\" method=\"post\" enctype=\"multipart\/form-data\" action=\"\/index.php\/wp-json\/wp\/v2\/pages\/19\" data-token=\"ae15d3fa3d5c8584fe1ed0fe298745c1\" data-token-time=\"1777030426\"><noscript class=\"wpforms-error-noscript\">Veuillez activer JavaScript dans votre navigateur pour remplir ce formulaire.<\/noscript><div id=\"wpforms-error-noscript\" style=\"display: none;\">Veuillez activer JavaScript dans votre navigateur pour remplir ce formulaire.<\/div><div class=\"wpforms-field-container\"><div id=\"wpforms-28-field_1-container\" class=\"wpforms-field wpforms-field-name\" data-field-id=\"1\"><fieldset><legend class=\"wpforms-field-label\">Nom <span class=\"wpforms-required-label\" aria-hidden=\"true\">*<\/span><\/legend><div class=\"wpforms-field-row wpforms-field-medium\"><div class=\"wpforms-field-row-block wpforms-first wpforms-one-half\"><input type=\"text\" id=\"wpforms-28-field_1\" class=\"wpforms-field-name-first wpforms-field-required\" name=\"wpforms[fields][1][first]\" aria-errormessage=\"wpforms-28-field_1-error\" required><label for=\"wpforms-28-field_1\" class=\"wpforms-field-sublabel after\">Pr\u00e9nom<\/label><\/div><div class=\"wpforms-field-row-block wpforms-one-half\"><input type=\"text\" id=\"wpforms-28-field_1-last\" class=\"wpforms-field-name-last wpforms-field-required\" name=\"wpforms[fields][1][last]\" aria-errormessage=\"wpforms-28-field_1-last-error\" required><label for=\"wpforms-28-field_1-last\" class=\"wpforms-field-sublabel after\">Nom<\/label><\/div><\/div><\/fieldset><\/div><div id=\"wpforms-28-field_2-container\" class=\"wpforms-field wpforms-field-email\" data-field-id=\"2\"><label class=\"wpforms-field-label\" for=\"wpforms-28-field_2\">E-mail <span class=\"wpforms-required-label\" aria-hidden=\"true\">*<\/span><\/label><input type=\"email\" id=\"wpforms-28-field_2\" class=\"wpforms-field-medium wpforms-field-required\" name=\"wpforms[fields][2]\" spellcheck=\"false\" aria-errormessage=\"wpforms-28-field_2-error\" required><\/div><div id=\"wpforms-28-field_5-container\" class=\"wpforms-field wpforms-field-number\" data-field-id=\"5\"><label class=\"wpforms-field-label\" for=\"wpforms-28-field_5\">T\u00e9l\u00e9phone<\/label><input type=\"number\" id=\"wpforms-28-field_5\" class=\"wpforms-field-medium\" name=\"wpforms[fields][5]\" step=\"any\" aria-errormessage=\"wpforms-28-field_5-error\" aria-describedby=\"wpforms-28-field_5-description\" ><div id=\"wpforms-28-field_5-description\" class=\"wpforms-field-description\">Num\u00e9ro de T\u00e9l\u00e9phone<\/div><\/div><div id=\"wpforms-28-field_3-container\" class=\"wpforms-field wpforms-field-select wpforms-field-select-style-classic\" data-field-id=\"3\"><label class=\"wpforms-field-label\" for=\"wpforms-28-field_3\">Satin pour Soie<\/label><select id=\"wpforms-28-field_3\" class=\"wpforms-field-medium\" name=\"wpforms[fields][3]\"><option value=\"Votre Choix....\"  selected='selected' class=\"choice-7 depth-1\"  >Votre Choix&#8230;.<\/option><option value=\"Demande d&#039;information\"  class=\"choice-1 depth-1\"  >Demande d&rsquo;information<\/option><option value=\"Un projet sur-mesure\"  class=\"choice-2 depth-1\"  >Un projet sur-mesure<\/option><option value=\"Cours et Ateliers\"  class=\"choice-3 depth-1\"  >Cours et Ateliers<\/option><option value=\"R\u00e9clamations\"  class=\"choice-5 depth-1\"  >R\u00e9clamations<\/option><option value=\"Retouches\"  class=\"choice-6 depth-1\"  >Retouches<\/option><option value=\"Autres\"  class=\"choice-8 depth-1\"  >Autres<\/option><\/select><\/div><div id=\"wpforms-28-field_4-container\" class=\"wpforms-field wpforms-field-textarea\" data-field-id=\"4\"><label class=\"wpforms-field-label\" for=\"wpforms-28-field_4\">D\u00e9crivez votre demande<\/label><textarea id=\"wpforms-28-field_4\" class=\"wpforms-field-medium\" name=\"wpforms[fields][4]\" aria-errormessage=\"wpforms-28-field_4-error\" ><\/textarea><\/div><\/div><!-- .wpforms-field-container --><div class=\"wpforms-submit-container\" ><input type=\"hidden\" name=\"wpforms[id]\" value=\"28\"><input type=\"hidden\" name=\"page_title\" value=\"\"><input type=\"hidden\" name=\"page_url\" value=\"https:\/\/www.satinpoursoie.fr\/index.php\/wp-json\/wp\/v2\/pages\/19\"><input type=\"hidden\" name=\"url_referer\" value=\"\"><button type=\"submit\" name=\"wpforms[submit]\" id=\"wpforms-submit-28\" class=\"wpforms-submit\" data-alt-text=\"Envoi...\" data-submit-text=\"Envoyer\" aria-live=\"assertive\" value=\"wpforms-submit\">Envoyer<\/button><img loading=\"lazy\" decoding=\"async\" src=\"https:\/\/www.satinpoursoie.fr\/wp-content\/plugins\/wpforms-lite\/assets\/images\/submit-spin.svg\" class=\"wpforms-submit-spinner\" style=\"display: none;\" width=\"26\" height=\"26\" alt=\"Chargement en cours\"><\/div><\/form><\/div>  <!-- .wpforms-container --><\/div>\n<\/div>\n","protected":false},"excerpt":{"rendered":"<p>N&rsquo;h\u00e9sitez pas \u00e0 me contacter pour toute demande de renseignement ou suggestions en utilisant le formulaire de contact ci-dessous ou par t\u00e9l\u00e9phone au 06.58.22.11.83.<\/p>\n","protected":false},"author":1,"featured_media":0,"parent":0,"menu_order":0,"comment_status":"closed","ping_status":"closed","template":"","meta":{"footnotes":""},"class_list":["post-19","page","type-page","status-publish","hentry"],"yoast_head":"<!-- This site is optimized with the Yoast SEO plugin v27.4 - https:\/\/yoast.com\/product\/yoast-seo-wordpress\/ -->\n<title>Contact - Satin pour Soie<\/title>\n<meta name=\"description\" content=\"Pour toute demande de renseignements ou suggestions, prenez contact par mail ou t\u00e9l\u00e9phone, nous vous r\u00e9pondrons dans les plus brefs d\u00e9lais.\" \/>\n<meta name=\"robots\" content=\"index, follow, max-snippet:-1, max-image-preview:large, max-video-preview:-1\" \/>\n<link rel=\"canonical\" href=\"https:\/\/www.satinpoursoie.fr\/index.php\/contact\/\" \/>\n<meta property=\"og:locale\" content=\"fr_FR\" \/>\n<meta property=\"og:type\" content=\"article\" \/>\n<meta property=\"og:title\" content=\"Contact - Satin pour Soie\" \/>\n<meta property=\"og:description\" content=\"Pour toute demande de renseignements ou suggestions, prenez contact par mail ou t\u00e9l\u00e9phone, nous vous r\u00e9pondrons dans les plus brefs d\u00e9lais.\" \/>\n<meta property=\"og:url\" content=\"https:\/\/www.satinpoursoie.fr\/index.php\/contact\/\" \/>\n<meta property=\"og:site_name\" content=\"Satin pour Soie\" \/>\n<meta property=\"article:publisher\" content=\"https:\/\/www.facebook.com\/satinpoursoie\" \/>\n<meta property=\"article:modified_time\" content=\"2023-10-12T07:52:32+00:00\" \/>\n<meta property=\"og:image\" content=\"https:\/\/www.satinpoursoie.fr\/wp-content\/uploads\/2023\/10\/carte-de-visite-1024x485.jpg\" \/>\n<meta name=\"twitter:card\" content=\"summary_large_image\" \/>\n<meta name=\"twitter:label1\" content=\"Dur\u00e9e de lecture estim\u00e9e\" \/>\n\t<meta name=\"twitter:data1\" content=\"1 minute\" \/>\n<script type=\"application\/ld+json\" class=\"yoast-schema-graph\">{\"@context\":\"https:\\\/\\\/schema.org\",\"@graph\":[{\"@type\":[\"WebPage\",\"ContactPage\"],\"@id\":\"https:\\\/\\\/www.satinpoursoie.fr\\\/index.php\\\/contact\\\/\",\"url\":\"https:\\\/\\\/www.satinpoursoie.fr\\\/index.php\\\/contact\\\/\",\"name\":\"Contact - Satin pour Soie\",\"isPartOf\":{\"@id\":\"https:\\\/\\\/www.satinpoursoie.fr\\\/#website\"},\"primaryImageOfPage\":{\"@id\":\"https:\\\/\\\/www.satinpoursoie.fr\\\/index.php\\\/contact\\\/#primaryimage\"},\"image\":{\"@id\":\"https:\\\/\\\/www.satinpoursoie.fr\\\/index.php\\\/contact\\\/#primaryimage\"},\"thumbnailUrl\":\"https:\\\/\\\/www.satinpoursoie.fr\\\/wp-content\\\/uploads\\\/2023\\\/10\\\/carte-de-visite-1024x485.jpg\",\"datePublished\":\"2023-04-18T10:50:53+00:00\",\"dateModified\":\"2023-10-12T07:52:32+00:00\",\"description\":\"Pour toute demande de renseignements ou suggestions, prenez contact par mail ou t\u00e9l\u00e9phone, nous vous r\u00e9pondrons dans les plus brefs d\u00e9lais.\",\"breadcrumb\":{\"@id\":\"https:\\\/\\\/www.satinpoursoie.fr\\\/index.php\\\/contact\\\/#breadcrumb\"},\"inLanguage\":\"fr-FR\",\"potentialAction\":[{\"@type\":\"ReadAction\",\"target\":[\"https:\\\/\\\/www.satinpoursoie.fr\\\/index.php\\\/contact\\\/\"]}]},{\"@type\":\"ImageObject\",\"inLanguage\":\"fr-FR\",\"@id\":\"https:\\\/\\\/www.satinpoursoie.fr\\\/index.php\\\/contact\\\/#primaryimage\",\"url\":\"https:\\\/\\\/www.satinpoursoie.fr\\\/wp-content\\\/uploads\\\/2023\\\/10\\\/carte-de-visite-scaled.jpg\",\"contentUrl\":\"https:\\\/\\\/www.satinpoursoie.fr\\\/wp-content\\\/uploads\\\/2023\\\/10\\\/carte-de-visite-scaled.jpg\",\"width\":2560,\"height\":1213,\"caption\":\"Contact atelier de couture sur mesure satin pour soie\"},{\"@type\":\"BreadcrumbList\",\"@id\":\"https:\\\/\\\/www.satinpoursoie.fr\\\/index.php\\\/contact\\\/#breadcrumb\",\"itemListElement\":[{\"@type\":\"ListItem\",\"position\":1,\"name\":\"Accueil\",\"item\":\"https:\\\/\\\/www.satinpoursoie.fr\\\/\"},{\"@type\":\"ListItem\",\"position\":2,\"name\":\"Contact\"}]},{\"@type\":\"WebSite\",\"@id\":\"https:\\\/\\\/www.satinpoursoie.fr\\\/#website\",\"url\":\"https:\\\/\\\/www.satinpoursoie.fr\\\/\",\"name\":\"Satin pour Soie\",\"description\":\"Un atelier de couture sur mesure pour r\u00e9aliser vos r\u00eaves vestimentaires\",\"publisher\":{\"@id\":\"https:\\\/\\\/www.satinpoursoie.fr\\\/#organization\"},\"potentialAction\":[{\"@type\":\"SearchAction\",\"target\":{\"@type\":\"EntryPoint\",\"urlTemplate\":\"https:\\\/\\\/www.satinpoursoie.fr\\\/?s={search_term_string}\"},\"query-input\":{\"@type\":\"PropertyValueSpecification\",\"valueRequired\":true,\"valueName\":\"search_term_string\"}}],\"inLanguage\":\"fr-FR\"},{\"@type\":\"Organization\",\"@id\":\"https:\\\/\\\/www.satinpoursoie.fr\\\/#organization\",\"name\":\"Satin pour soie\",\"url\":\"https:\\\/\\\/www.satinpoursoie.fr\\\/\",\"logo\":{\"@type\":\"ImageObject\",\"inLanguage\":\"fr-FR\",\"@id\":\"https:\\\/\\\/www.satinpoursoie.fr\\\/#\\\/schema\\\/logo\\\/image\\\/\",\"url\":\"https:\\\/\\\/www.satinpoursoie.fr\\\/wp-content\\\/uploads\\\/2023\\\/04\\\/cropped-Icon-Satin-1.png\",\"contentUrl\":\"https:\\\/\\\/www.satinpoursoie.fr\\\/wp-content\\\/uploads\\\/2023\\\/04\\\/cropped-Icon-Satin-1.png\",\"width\":512,\"height\":512,\"caption\":\"Satin pour soie\"},\"image\":{\"@id\":\"https:\\\/\\\/www.satinpoursoie.fr\\\/#\\\/schema\\\/logo\\\/image\\\/\"},\"sameAs\":[\"https:\\\/\\\/www.facebook.com\\\/satinpoursoie\",\"https:\\\/\\\/www.instagram.com\\\/satinpoursoie\\\/\"]}]}<\/script>\n<!-- \/ Yoast SEO plugin. -->","yoast_head_json":{"title":"Contact - Satin pour Soie","description":"Pour toute demande de renseignements ou suggestions, prenez contact par mail ou t\u00e9l\u00e9phone, nous vous r\u00e9pondrons dans les plus brefs d\u00e9lais.","robots":{"index":"index","follow":"follow","max-snippet":"max-snippet:-1","max-image-preview":"max-image-preview:large","max-video-preview":"max-video-preview:-1"},"canonical":"https:\/\/www.satinpoursoie.fr\/index.php\/contact\/","og_locale":"fr_FR","og_type":"article","og_title":"Contact - Satin pour Soie","og_description":"Pour toute demande de renseignements ou suggestions, prenez contact par mail ou t\u00e9l\u00e9phone, nous vous r\u00e9pondrons dans les plus brefs d\u00e9lais.","og_url":"https:\/\/www.satinpoursoie.fr\/index.php\/contact\/","og_site_name":"Satin pour Soie","article_publisher":"https:\/\/www.facebook.com\/satinpoursoie","article_modified_time":"2023-10-12T07:52:32+00:00","og_image":[{"url":"https:\/\/www.satinpoursoie.fr\/wp-content\/uploads\/2023\/10\/carte-de-visite-1024x485.jpg","type":"","width":"","height":""}],"twitter_card":"summary_large_image","twitter_misc":{"Dur\u00e9e de lecture estim\u00e9e":"1 minute"},"schema":{"@context":"https:\/\/schema.org","@graph":[{"@type":["WebPage","ContactPage"],"@id":"https:\/\/www.satinpoursoie.fr\/index.php\/contact\/","url":"https:\/\/www.satinpoursoie.fr\/index.php\/contact\/","name":"Contact - Satin pour Soie","isPartOf":{"@id":"https:\/\/www.satinpoursoie.fr\/#website"},"primaryImageOfPage":{"@id":"https:\/\/www.satinpoursoie.fr\/index.php\/contact\/#primaryimage"},"image":{"@id":"https:\/\/www.satinpoursoie.fr\/index.php\/contact\/#primaryimage"},"thumbnailUrl":"https:\/\/www.satinpoursoie.fr\/wp-content\/uploads\/2023\/10\/carte-de-visite-1024x485.jpg","datePublished":"2023-04-18T10:50:53+00:00","dateModified":"2023-10-12T07:52:32+00:00","description":"Pour toute demande de renseignements ou suggestions, prenez contact par mail ou t\u00e9l\u00e9phone, nous vous r\u00e9pondrons dans les plus brefs d\u00e9lais.","breadcrumb":{"@id":"https:\/\/www.satinpoursoie.fr\/index.php\/contact\/#breadcrumb"},"inLanguage":"fr-FR","potentialAction":[{"@type":"ReadAction","target":["https:\/\/www.satinpoursoie.fr\/index.php\/contact\/"]}]},{"@type":"ImageObject","inLanguage":"fr-FR","@id":"https:\/\/www.satinpoursoie.fr\/index.php\/contact\/#primaryimage","url":"https:\/\/www.satinpoursoie.fr\/wp-content\/uploads\/2023\/10\/carte-de-visite-scaled.jpg","contentUrl":"https:\/\/www.satinpoursoie.fr\/wp-content\/uploads\/2023\/10\/carte-de-visite-scaled.jpg","width":2560,"height":1213,"caption":"Contact atelier de couture sur mesure satin pour soie"},{"@type":"BreadcrumbList","@id":"https:\/\/www.satinpoursoie.fr\/index.php\/contact\/#breadcrumb","itemListElement":[{"@type":"ListItem","position":1,"name":"Accueil","item":"https:\/\/www.satinpoursoie.fr\/"},{"@type":"ListItem","position":2,"name":"Contact"}]},{"@type":"WebSite","@id":"https:\/\/www.satinpoursoie.fr\/#website","url":"https:\/\/www.satinpoursoie.fr\/","name":"Satin pour Soie","description":"Un atelier de couture sur mesure pour r\u00e9aliser vos r\u00eaves vestimentaires","publisher":{"@id":"https:\/\/www.satinpoursoie.fr\/#organization"},"potentialAction":[{"@type":"SearchAction","target":{"@type":"EntryPoint","urlTemplate":"https:\/\/www.satinpoursoie.fr\/?s={search_term_string}"},"query-input":{"@type":"PropertyValueSpecification","valueRequired":true,"valueName":"search_term_string"}}],"inLanguage":"fr-FR"},{"@type":"Organization","@id":"https:\/\/www.satinpoursoie.fr\/#organization","name":"Satin pour soie","url":"https:\/\/www.satinpoursoie.fr\/","logo":{"@type":"ImageObject","inLanguage":"fr-FR","@id":"https:\/\/www.satinpoursoie.fr\/#\/schema\/logo\/image\/","url":"https:\/\/www.satinpoursoie.fr\/wp-content\/uploads\/2023\/04\/cropped-Icon-Satin-1.png","contentUrl":"https:\/\/www.satinpoursoie.fr\/wp-content\/uploads\/2023\/04\/cropped-Icon-Satin-1.png","width":512,"height":512,"caption":"Satin pour soie"},"image":{"@id":"https:\/\/www.satinpoursoie.fr\/#\/schema\/logo\/image\/"},"sameAs":["https:\/\/www.facebook.com\/satinpoursoie","https:\/\/www.instagram.com\/satinpoursoie\/"]}]}},"_links":{"self":[{"href":"https:\/\/www.satinpoursoie.fr\/index.php\/wp-json\/wp\/v2\/pages\/19","targetHints":{"allow":["GET"]}}],"collection":[{"href":"https:\/\/www.satinpoursoie.fr\/index.php\/wp-json\/wp\/v2\/pages"}],"about":[{"href":"https:\/\/www.satinpoursoie.fr\/index.php\/wp-json\/wp\/v2\/types\/page"}],"author":[{"embeddable":true,"href":"https:\/\/www.satinpoursoie.fr\/index.php\/wp-json\/wp\/v2\/users\/1"}],"replies":[{"embeddable":true,"href":"https:\/\/www.satinpoursoie.fr\/index.php\/wp-json\/wp\/v2\/comments?post=19"}],"version-history":[{"count":10,"href":"https:\/\/www.satinpoursoie.fr\/index.php\/wp-json\/wp\/v2\/pages\/19\/revisions"}],"predecessor-version":[{"id":424,"href":"https:\/\/www.satinpoursoie.fr\/index.php\/wp-json\/wp\/v2\/pages\/19\/revisions\/424"}],"wp:attachment":[{"href":"https:\/\/www.satinpoursoie.fr\/index.php\/wp-json\/wp\/v2\/media?parent=19"}],"curies":[{"name":"wp","href":"https:\/\/api.w.org\/{rel}","templated":true}]}}