{"id":15,"date":"2023-04-18T12:50:53","date_gmt":"2023-04-18T10:50:53","guid":{"rendered":"http:\/\/www.satinpoursoie.fr\/?page_id=15"},"modified":"2025-03-28T16:43:14","modified_gmt":"2025-03-28T15:43:14","slug":"creations-satin-pour-soie","status":"publish","type":"page","link":"https:\/\/www.satinpoursoie.fr\/index.php\/creations-satin-pour-soie\/","title":{"rendered":"Cr\u00e9ations SATIN POUR SOIE"},"content":{"rendered":"\n<div class=\"wp-block-buttons is-content-justification-right is-layout-flex wp-container-core-buttons-is-layout-765c4724 wp-block-buttons-is-layout-flex\">\n<div class=\"wp-block-button has-custom-width wp-block-button__width-100 has-custom-font-size has-large-font-size\"><a class=\"wp-block-button__link has-text-color has-background wp-element-button\" href=\"http:\/\/shop.satinpoursoie.fr\" style=\"color:#1c1c1c;background-color:#d4aaaa\" target=\"_blank\" rel=\"noreferrer noopener\">LA BOUTIQUE<\/a><\/div>\n<\/div>\n\n\n\n<hr class=\"wp-block-separator has-text-color has-white-color has-alpha-channel-opacity has-white-background-color has-background\"\/>\n\n\n\n<p>Satin pour Soie vous propose des cr\u00e9ations originales <strong>uniques<\/strong>, <strong>adaptables sur mesure<\/strong>, <strong>r\u00e9alisables sur commande<\/strong> dans <a href=\"https:\/\/www.satinpoursoie.fr\/index.php\/qui-suis-je\/atelier-de-couture\/\">mon atelier.<\/a><\/p>\n\n\n\n<div class=\"wp-block-media-text alignwide has-media-on-the-right is-stacked-on-mobile is-vertically-aligned-center has-background\" style=\"background-color:#eeeeee\"><div class=\"wp-block-media-text__content\">\n<div class=\"wp-block-group\" style=\"padding-top:2em;padding-right:2em;padding-bottom:2em;padding-left:2em\"><div class=\"wp-block-group__inner-container is-layout-flow wp-block-group-is-layout-flow\">\n<h2 class=\"wp-block-heading\" style=\"font-size:36px\">Des V\u00eatements Uniques  <\/h2>\n\n\n\n<p>Satin pour Soie vous propose des <strong>cr\u00e9ations originales<\/strong>, con\u00e7ues <strong>sur commande<\/strong> et enti\u00e8rement <strong>ajust\u00e9es \u00e0 vos mesures<\/strong> dans mon atelier de couture \u00e0 <a href=\"https:\/\/vichymonamour.fr\/\">Vichy<\/a>.<\/p>\n\n\n\n<p>Je cr\u00e9\u00e9 pour vous <strong>des mod\u00e8les enti\u00e8rement personnalisable<\/strong>s. <\/p>\n\n\n\n<p>Nous choisissons ensemble les <strong>mati\u00e8res<\/strong>, les <strong>couleurs <\/strong>et les <strong>motifs <\/strong>\u00e0 associer. <\/p>\n\n\n\n<p>Je prends vos <strong>mesures <\/strong>pour ajuster au mieux votre v\u00eatement. <\/p>\n\n\n\n<p>Je lance la fabrication pour faire de <strong>ma cr\u00e9ation votre v\u00eatement unique. <\/strong><\/p>\n\n\n\n<p>J\u2019aime cr\u00e9er des pi\u00e8ces intemporelles et \u00e9l\u00e9gantes, adapt\u00e9es \u00e0 toutes les occasions. Dans mon atelier de <a href=\"https:\/\/vichymonamour.fr\/\">Vichy<\/a>, je con\u00e7ois et r\u00e9alise une large gamme de v\u00eatements : <strong>robes, chemisiers, tops, blouses, jupes, pantalons, vestes et manteaux<\/strong>.<\/p>\n<\/div><\/div>\n<\/div><figure class=\"wp-block-media-text__media\"><img loading=\"lazy\" decoding=\"async\" width=\"1024\" height=\"1024\" src=\"https:\/\/www.satinpoursoie.fr\/wp-content\/uploads\/2023\/10\/Modele-SAKURA-1024x1024.png\" alt=\"Cr\u00e9ations d'une Veste kimono r\u00e9versible et son sac assorti\" class=\"wp-image-446 size-full\" srcset=\"https:\/\/www.satinpoursoie.fr\/wp-content\/uploads\/2023\/10\/Modele-SAKURA-1024x1024.png 1024w, https:\/\/www.satinpoursoie.fr\/wp-content\/uploads\/2023\/10\/Modele-SAKURA-300x300.png 300w, https:\/\/www.satinpoursoie.fr\/wp-content\/uploads\/2023\/10\/Modele-SAKURA-600x600.png 600w, https:\/\/www.satinpoursoie.fr\/wp-content\/uploads\/2023\/10\/Modele-SAKURA-150x150.png 150w, https:\/\/www.satinpoursoie.fr\/wp-content\/uploads\/2023\/10\/Modele-SAKURA-768x768.png 768w, https:\/\/www.satinpoursoie.fr\/wp-content\/uploads\/2023\/10\/Modele-SAKURA-1536x1536.png 1536w, https:\/\/www.satinpoursoie.fr\/wp-content\/uploads\/2023\/10\/Modele-SAKURA-60x60.png 60w, https:\/\/www.satinpoursoie.fr\/wp-content\/uploads\/2023\/10\/Modele-SAKURA.png 2000w\" sizes=\"auto, (max-width: 1024px) 100vw, 1024px\" \/><\/figure><\/div>\n\n\n\n<div class=\"wp-block-media-text alignwide is-stacked-on-mobile is-vertically-aligned-center has-background\" style=\"background-color:#d4aaaa\"><figure class=\"wp-block-media-text__media\"><img loading=\"lazy\" decoding=\"async\" width=\"1024\" height=\"1024\" src=\"https:\/\/www.satinpoursoie.fr\/wp-content\/uploads\/2023\/10\/20231012_163507-1024x1024.jpg\" alt=\"Cr\u00e9ations de Sac shopping personnalisable\" class=\"wp-image-451 size-full\" srcset=\"https:\/\/www.satinpoursoie.fr\/wp-content\/uploads\/2023\/10\/20231012_163507-1024x1024.jpg 1024w, https:\/\/www.satinpoursoie.fr\/wp-content\/uploads\/2023\/10\/20231012_163507-300x300.jpg 300w, https:\/\/www.satinpoursoie.fr\/wp-content\/uploads\/2023\/10\/20231012_163507-scaled-600x600.jpg 600w, https:\/\/www.satinpoursoie.fr\/wp-content\/uploads\/2023\/10\/20231012_163507-150x150.jpg 150w, https:\/\/www.satinpoursoie.fr\/wp-content\/uploads\/2023\/10\/20231012_163507-768x768.jpg 768w, https:\/\/www.satinpoursoie.fr\/wp-content\/uploads\/2023\/10\/20231012_163507-1536x1536.jpg 1536w, https:\/\/www.satinpoursoie.fr\/wp-content\/uploads\/2023\/10\/20231012_163507-2048x2048.jpg 2048w, https:\/\/www.satinpoursoie.fr\/wp-content\/uploads\/2023\/10\/20231012_163507-60x60.jpg 60w\" sizes=\"auto, (max-width: 1024px) 100vw, 1024px\" \/><\/figure><div class=\"wp-block-media-text__content\">\n<div class=\"wp-block-group\" style=\"padding-top:2em;padding-right:2em;padding-bottom:2em;padding-left:2em\"><div class=\"wp-block-group__inner-container is-layout-flow wp-block-group-is-layout-flow\">\n<h2 class=\"wp-block-heading\" style=\"font-size:36px\">Des <strong>Accessoires Originaux<\/strong><\/h2>\n\n\n\n<p>Vous avez envie d&rsquo;un sac <strong>original et unique.<\/strong><\/p>\n\n\n\n<p>Je le cr\u00e9\u00e9 pour vous en associant les <strong>mati\u00e8res<\/strong>, les <strong>textures<\/strong>, les <strong>motifs <\/strong>et les <strong>couleurs <\/strong>selon vos pr\u00e9f\u00e9rences.<\/p>\n\n\n\n<p>Vous avez envie <strong>d&rsquo;offrir ou de vous offrir<\/strong> un cadeau personnalis\u00e9. Vous trouverez des Sacs, Set de Lingettes, Trousses, Pochettes, Bouillottes s\u00e8ches enti\u00e8rement r\u00e9alis\u00e9 dans l&rsquo;atelier de couture de <a href=\"https:\/\/vichymonamour.fr\/\">Vichy<\/a>.<\/p>\n<\/div><\/div>\n<\/div><\/div>\n\n\n\n<hr class=\"wp-block-separator has-text-color has-white-color has-alpha-channel-opacity has-white-background-color has-background\"\/>\n\n\n\n<p><\/p>\n\n\n\n<p class=\"has-text-align-center has-large-font-size\"><strong>Explorez mon univers !<\/strong> <\/p>\n\n\n\n<p class=\"has-text-align-center has-large-font-size\"><strong>D\u00e9couvrez mes cr\u00e9ations<\/strong> et trouvez l\u2019inspiration en visitant ma boutique en ligne. Chaque pi\u00e8ce est r\u00e9alis\u00e9e \u00e0 la commande, pour un style unique et authentique.<\/p>\n\n\n\n<p class=\"has-text-align-center has-text-color has-link-color has-large-font-size wp-elements-694600ac7ed74551866759c0baea2a3f\" style=\"color:#b2727f\"><strong>Satin pour Soie \u2013 L\u2019\u00e9l\u00e9gance du fait main, le raffinement du sur-mesure.<\/strong><\/p>\n\n\n\n<div class=\"wp-block-buttons is-content-justification-center is-layout-flex wp-container-core-buttons-is-layout-16018d1d wp-block-buttons-is-layout-flex\">\n<div class=\"wp-block-button has-custom-width wp-block-button__width-100 has-custom-font-size has-large-font-size\"><a class=\"wp-block-button__link has-text-color has-background wp-element-button\" style=\"color:#1c1c1c;background-color:#d4aaaa\"><strong>BOUTIQUE<\/strong><\/a><\/div>\n<\/div>\n\n\n\n<p><\/p>\n","protected":false},"excerpt":{"rendered":"<p>Satin pour Soie vous propose des cr\u00e9ations originales uniques, adaptables sur mesure, r\u00e9alisables sur commande dans mon atelier. Explorez mon univers ! D\u00e9couvrez mes cr\u00e9ations et trouvez l\u2019inspiration en visitant ma boutique en ligne. Chaque pi\u00e8ce est r\u00e9alis\u00e9e \u00e0 la commande, pour un style unique et authentique. Satin pour Soie \u2013 L\u2019\u00e9l\u00e9gance du fait main, &hellip; <\/p>\n","protected":false},"author":1,"featured_media":164,"parent":0,"menu_order":0,"comment_status":"closed","ping_status":"closed","template":"","meta":{"footnotes":""},"class_list":["post-15","page","type-page","status-publish","has-post-thumbnail","hentry"],"yoast_head":"<!-- This site is optimized with the Yoast SEO plugin v27.4 - https:\/\/yoast.com\/product\/yoast-seo-wordpress\/ -->\n<title>Cr\u00e9ations SATIN POUR SOIE - Satin pour Soie<\/title>\n<meta name=\"description\" content=\"Vous avez envie d&#039;un v\u00eatement ou d&#039;un sac unique et fait juste pour vous. Les cr\u00e9ations Satin pour Soie sont faites pour vous.\" \/>\n<meta name=\"robots\" content=\"index, follow, max-snippet:-1, max-image-preview:large, max-video-preview:-1\" \/>\n<link rel=\"canonical\" href=\"https:\/\/www.satinpoursoie.fr\/index.php\/creations-satin-pour-soie\/\" \/>\n<meta property=\"og:locale\" content=\"fr_FR\" \/>\n<meta property=\"og:type\" content=\"article\" \/>\n<meta property=\"og:title\" content=\"Cr\u00e9ations SATIN POUR SOIE - Satin pour Soie\" \/>\n<meta property=\"og:description\" content=\"Vous avez envie d&#039;un v\u00eatement ou d&#039;un sac unique et fait juste pour vous. Les cr\u00e9ations Satin pour Soie sont faites pour vous.\" \/>\n<meta property=\"og:url\" content=\"https:\/\/www.satinpoursoie.fr\/index.php\/creations-satin-pour-soie\/\" \/>\n<meta property=\"og:site_name\" content=\"Satin pour Soie\" \/>\n<meta property=\"article:publisher\" content=\"https:\/\/www.facebook.com\/satinpoursoie\" \/>\n<meta property=\"article:modified_time\" content=\"2025-03-28T15:43:14+00:00\" \/>\n<meta property=\"og:image\" content=\"https:\/\/www.satinpoursoie.fr\/wp-content\/uploads\/2023\/04\/20230203_160338-scaled.jpg\" \/>\n\t<meta property=\"og:image:width\" content=\"2560\" \/>\n\t<meta property=\"og:image:height\" content=\"1920\" \/>\n\t<meta property=\"og:image:type\" content=\"image\/jpeg\" \/>\n<meta name=\"twitter:card\" content=\"summary_large_image\" \/>\n<meta name=\"twitter:label1\" content=\"Dur\u00e9e de lecture estim\u00e9e\" \/>\n\t<meta name=\"twitter:data1\" content=\"2 minutes\" \/>\n<script type=\"application\/ld+json\" class=\"yoast-schema-graph\">{\"@context\":\"https:\\\/\\\/schema.org\",\"@graph\":[{\"@type\":\"WebPage\",\"@id\":\"https:\\\/\\\/www.satinpoursoie.fr\\\/index.php\\\/creations-satin-pour-soie\\\/\",\"url\":\"https:\\\/\\\/www.satinpoursoie.fr\\\/index.php\\\/creations-satin-pour-soie\\\/\",\"name\":\"Cr\u00e9ations SATIN POUR SOIE - Satin pour Soie\",\"isPartOf\":{\"@id\":\"https:\\\/\\\/www.satinpoursoie.fr\\\/#website\"},\"primaryImageOfPage\":{\"@id\":\"https:\\\/\\\/www.satinpoursoie.fr\\\/index.php\\\/creations-satin-pour-soie\\\/#primaryimage\"},\"image\":{\"@id\":\"https:\\\/\\\/www.satinpoursoie.fr\\\/index.php\\\/creations-satin-pour-soie\\\/#primaryimage\"},\"thumbnailUrl\":\"https:\\\/\\\/www.satinpoursoie.fr\\\/wp-content\\\/uploads\\\/2023\\\/04\\\/20230203_160338-scaled.jpg\",\"datePublished\":\"2023-04-18T10:50:53+00:00\",\"dateModified\":\"2025-03-28T15:43:14+00:00\",\"description\":\"Vous avez envie d'un v\u00eatement ou d'un sac unique et fait juste pour vous. Les cr\u00e9ations Satin pour Soie sont faites pour vous.\",\"breadcrumb\":{\"@id\":\"https:\\\/\\\/www.satinpoursoie.fr\\\/index.php\\\/creations-satin-pour-soie\\\/#breadcrumb\"},\"inLanguage\":\"fr-FR\",\"potentialAction\":[{\"@type\":\"ReadAction\",\"target\":[\"https:\\\/\\\/www.satinpoursoie.fr\\\/index.php\\\/creations-satin-pour-soie\\\/\"]}]},{\"@type\":\"ImageObject\",\"inLanguage\":\"fr-FR\",\"@id\":\"https:\\\/\\\/www.satinpoursoie.fr\\\/index.php\\\/creations-satin-pour-soie\\\/#primaryimage\",\"url\":\"https:\\\/\\\/www.satinpoursoie.fr\\\/wp-content\\\/uploads\\\/2023\\\/04\\\/20230203_160338-scaled.jpg\",\"contentUrl\":\"https:\\\/\\\/www.satinpoursoie.fr\\\/wp-content\\\/uploads\\\/2023\\\/04\\\/20230203_160338-scaled.jpg\",\"width\":2560,\"height\":1920,\"caption\":\"Satin pour soie : une marque \u00e0 part enti\u00e8re\"},{\"@type\":\"BreadcrumbList\",\"@id\":\"https:\\\/\\\/www.satinpoursoie.fr\\\/index.php\\\/creations-satin-pour-soie\\\/#breadcrumb\",\"itemListElement\":[{\"@type\":\"ListItem\",\"position\":1,\"name\":\"Accueil\",\"item\":\"https:\\\/\\\/www.satinpoursoie.fr\\\/\"},{\"@type\":\"ListItem\",\"position\":2,\"name\":\"Cr\u00e9ations SATIN POUR SOIE\"}]},{\"@type\":\"WebSite\",\"@id\":\"https:\\\/\\\/www.satinpoursoie.fr\\\/#website\",\"url\":\"https:\\\/\\\/www.satinpoursoie.fr\\\/\",\"name\":\"Satin pour Soie\",\"description\":\"Un atelier de couture sur mesure pour r\u00e9aliser vos r\u00eaves vestimentaires\",\"publisher\":{\"@id\":\"https:\\\/\\\/www.satinpoursoie.fr\\\/#organization\"},\"potentialAction\":[{\"@type\":\"SearchAction\",\"target\":{\"@type\":\"EntryPoint\",\"urlTemplate\":\"https:\\\/\\\/www.satinpoursoie.fr\\\/?s={search_term_string}\"},\"query-input\":{\"@type\":\"PropertyValueSpecification\",\"valueRequired\":true,\"valueName\":\"search_term_string\"}}],\"inLanguage\":\"fr-FR\"},{\"@type\":\"Organization\",\"@id\":\"https:\\\/\\\/www.satinpoursoie.fr\\\/#organization\",\"name\":\"Satin pour soie\",\"url\":\"https:\\\/\\\/www.satinpoursoie.fr\\\/\",\"logo\":{\"@type\":\"ImageObject\",\"inLanguage\":\"fr-FR\",\"@id\":\"https:\\\/\\\/www.satinpoursoie.fr\\\/#\\\/schema\\\/logo\\\/image\\\/\",\"url\":\"https:\\\/\\\/www.satinpoursoie.fr\\\/wp-content\\\/uploads\\\/2023\\\/04\\\/cropped-Icon-Satin-1.png\",\"contentUrl\":\"https:\\\/\\\/www.satinpoursoie.fr\\\/wp-content\\\/uploads\\\/2023\\\/04\\\/cropped-Icon-Satin-1.png\",\"width\":512,\"height\":512,\"caption\":\"Satin pour soie\"},\"image\":{\"@id\":\"https:\\\/\\\/www.satinpoursoie.fr\\\/#\\\/schema\\\/logo\\\/image\\\/\"},\"sameAs\":[\"https:\\\/\\\/www.facebook.com\\\/satinpoursoie\",\"https:\\\/\\\/www.instagram.com\\\/satinpoursoie\\\/\"]}]}<\/script>\n<!-- \/ Yoast SEO plugin. -->","yoast_head_json":{"title":"Cr\u00e9ations SATIN POUR SOIE - Satin pour Soie","description":"Vous avez envie d'un v\u00eatement ou d'un sac unique et fait juste pour vous. Les cr\u00e9ations Satin pour Soie sont faites pour vous.","robots":{"index":"index","follow":"follow","max-snippet":"max-snippet:-1","max-image-preview":"max-image-preview:large","max-video-preview":"max-video-preview:-1"},"canonical":"https:\/\/www.satinpoursoie.fr\/index.php\/creations-satin-pour-soie\/","og_locale":"fr_FR","og_type":"article","og_title":"Cr\u00e9ations SATIN POUR SOIE - Satin pour Soie","og_description":"Vous avez envie d'un v\u00eatement ou d'un sac unique et fait juste pour vous. Les cr\u00e9ations Satin pour Soie sont faites pour vous.","og_url":"https:\/\/www.satinpoursoie.fr\/index.php\/creations-satin-pour-soie\/","og_site_name":"Satin pour Soie","article_publisher":"https:\/\/www.facebook.com\/satinpoursoie","article_modified_time":"2025-03-28T15:43:14+00:00","og_image":[{"width":2560,"height":1920,"url":"https:\/\/www.satinpoursoie.fr\/wp-content\/uploads\/2023\/04\/20230203_160338-scaled.jpg","type":"image\/jpeg"}],"twitter_card":"summary_large_image","twitter_misc":{"Dur\u00e9e de lecture estim\u00e9e":"2 minutes"},"schema":{"@context":"https:\/\/schema.org","@graph":[{"@type":"WebPage","@id":"https:\/\/www.satinpoursoie.fr\/index.php\/creations-satin-pour-soie\/","url":"https:\/\/www.satinpoursoie.fr\/index.php\/creations-satin-pour-soie\/","name":"Cr\u00e9ations SATIN POUR SOIE - Satin pour Soie","isPartOf":{"@id":"https:\/\/www.satinpoursoie.fr\/#website"},"primaryImageOfPage":{"@id":"https:\/\/www.satinpoursoie.fr\/index.php\/creations-satin-pour-soie\/#primaryimage"},"image":{"@id":"https:\/\/www.satinpoursoie.fr\/index.php\/creations-satin-pour-soie\/#primaryimage"},"thumbnailUrl":"https:\/\/www.satinpoursoie.fr\/wp-content\/uploads\/2023\/04\/20230203_160338-scaled.jpg","datePublished":"2023-04-18T10:50:53+00:00","dateModified":"2025-03-28T15:43:14+00:00","description":"Vous avez envie d'un v\u00eatement ou d'un sac unique et fait juste pour vous. Les cr\u00e9ations Satin pour Soie sont faites pour vous.","breadcrumb":{"@id":"https:\/\/www.satinpoursoie.fr\/index.php\/creations-satin-pour-soie\/#breadcrumb"},"inLanguage":"fr-FR","potentialAction":[{"@type":"ReadAction","target":["https:\/\/www.satinpoursoie.fr\/index.php\/creations-satin-pour-soie\/"]}]},{"@type":"ImageObject","inLanguage":"fr-FR","@id":"https:\/\/www.satinpoursoie.fr\/index.php\/creations-satin-pour-soie\/#primaryimage","url":"https:\/\/www.satinpoursoie.fr\/wp-content\/uploads\/2023\/04\/20230203_160338-scaled.jpg","contentUrl":"https:\/\/www.satinpoursoie.fr\/wp-content\/uploads\/2023\/04\/20230203_160338-scaled.jpg","width":2560,"height":1920,"caption":"Satin pour soie : une marque \u00e0 part enti\u00e8re"},{"@type":"BreadcrumbList","@id":"https:\/\/www.satinpoursoie.fr\/index.php\/creations-satin-pour-soie\/#breadcrumb","itemListElement":[{"@type":"ListItem","position":1,"name":"Accueil","item":"https:\/\/www.satinpoursoie.fr\/"},{"@type":"ListItem","position":2,"name":"Cr\u00e9ations SATIN POUR SOIE"}]},{"@type":"WebSite","@id":"https:\/\/www.satinpoursoie.fr\/#website","url":"https:\/\/www.satinpoursoie.fr\/","name":"Satin pour Soie","description":"Un atelier de couture sur mesure pour r\u00e9aliser vos r\u00eaves vestimentaires","publisher":{"@id":"https:\/\/www.satinpoursoie.fr\/#organization"},"potentialAction":[{"@type":"SearchAction","target":{"@type":"EntryPoint","urlTemplate":"https:\/\/www.satinpoursoie.fr\/?s={search_term_string}"},"query-input":{"@type":"PropertyValueSpecification","valueRequired":true,"valueName":"search_term_string"}}],"inLanguage":"fr-FR"},{"@type":"Organization","@id":"https:\/\/www.satinpoursoie.fr\/#organization","name":"Satin pour soie","url":"https:\/\/www.satinpoursoie.fr\/","logo":{"@type":"ImageObject","inLanguage":"fr-FR","@id":"https:\/\/www.satinpoursoie.fr\/#\/schema\/logo\/image\/","url":"https:\/\/www.satinpoursoie.fr\/wp-content\/uploads\/2023\/04\/cropped-Icon-Satin-1.png","contentUrl":"https:\/\/www.satinpoursoie.fr\/wp-content\/uploads\/2023\/04\/cropped-Icon-Satin-1.png","width":512,"height":512,"caption":"Satin pour soie"},"image":{"@id":"https:\/\/www.satinpoursoie.fr\/#\/schema\/logo\/image\/"},"sameAs":["https:\/\/www.facebook.com\/satinpoursoie","https:\/\/www.instagram.com\/satinpoursoie\/"]}]}},"_links":{"self":[{"href":"https:\/\/www.satinpoursoie.fr\/index.php\/wp-json\/wp\/v2\/pages\/15","targetHints":{"allow":["GET"]}}],"collection":[{"href":"https:\/\/www.satinpoursoie.fr\/index.php\/wp-json\/wp\/v2\/pages"}],"about":[{"href":"https:\/\/www.satinpoursoie.fr\/index.php\/wp-json\/wp\/v2\/types\/page"}],"author":[{"embeddable":true,"href":"https:\/\/www.satinpoursoie.fr\/index.php\/wp-json\/wp\/v2\/users\/1"}],"replies":[{"embeddable":true,"href":"https:\/\/www.satinpoursoie.fr\/index.php\/wp-json\/wp\/v2\/comments?post=15"}],"version-history":[{"count":20,"href":"https:\/\/www.satinpoursoie.fr\/index.php\/wp-json\/wp\/v2\/pages\/15\/revisions"}],"predecessor-version":[{"id":695,"href":"https:\/\/www.satinpoursoie.fr\/index.php\/wp-json\/wp\/v2\/pages\/15\/revisions\/695"}],"wp:featuredmedia":[{"embeddable":true,"href":"https:\/\/www.satinpoursoie.fr\/index.php\/wp-json\/wp\/v2\/media\/164"}],"wp:attachment":[{"href":"https:\/\/www.satinpoursoie.fr\/index.php\/wp-json\/wp\/v2\/media?parent=15"}],"curies":[{"name":"wp","href":"https:\/\/api.w.org\/{rel}","templated":true}]}}