{"id":14,"date":"2023-04-18T12:50:53","date_gmt":"2023-04-18T10:50:53","guid":{"rendered":"http:\/\/www.satinpoursoie.fr\/?page_id=14"},"modified":"2025-03-28T16:28:40","modified_gmt":"2025-03-28T15:28:40","slug":"couture-sur-mesure","status":"publish","type":"page","link":"https:\/\/www.satinpoursoie.fr\/index.php\/couture-sur-mesure\/","title":{"rendered":"Couture Sur Mesure"},"content":{"rendered":"\n<p><strong>Osez <\/strong>la couture Sur-Mesure, cr\u00e9ez votre v\u00eatement unique<\/p>\n\n\n\n<ul class=\"wp-block-list\">\n<li>C&rsquo;est s&rsquo;offrir un v\u00eatement <strong>unique<\/strong>, <strong>personnalis\u00e9 <\/strong>et <strong>r\u00e9alis\u00e9 <\/strong>juste pour vous.<\/li>\n\n\n\n<li>C&rsquo;est participer \u00e0 la <strong>cr\u00e9ation de son v\u00eatement<\/strong>.<\/li>\n\n\n\n<li>C&rsquo;est <strong>mettre un peu de vous<\/strong> dans une cr\u00e9ation de A \u00e0 Z.<\/li>\n<\/ul>\n\n\n\n<p>Chaque cr\u00e9ation est unique, pens\u00e9e et r\u00e9alis\u00e9e exclusivement pour vous.<\/p>\n\n\n\n<figure class=\"wp-block-gallery has-nested-images columns-8 is-cropped wp-block-gallery-1 is-layout-flex wp-block-gallery-is-layout-flex\">\n<figure class=\"wp-block-image size-thumbnail\"><img loading=\"lazy\" decoding=\"async\" width=\"150\" height=\"150\" data-id=\"247\" src=\"https:\/\/www.satinpoursoie.fr\/wp-content\/uploads\/2023\/04\/20210518_141923-150x150.jpg\" alt=\"\" class=\"wp-image-247\" srcset=\"https:\/\/www.satinpoursoie.fr\/wp-content\/uploads\/2023\/04\/20210518_141923-150x150.jpg 150w, https:\/\/www.satinpoursoie.fr\/wp-content\/uploads\/2023\/04\/20210518_141923-scaled-300x300.jpg 300w\" sizes=\"auto, (max-width: 150px) 100vw, 150px\" \/><\/figure>\n\n\n\n<figure class=\"wp-block-image size-thumbnail\"><img loading=\"lazy\" decoding=\"async\" width=\"150\" height=\"150\" data-id=\"253\" src=\"https:\/\/www.satinpoursoie.fr\/wp-content\/uploads\/2023\/04\/20210518_174451-150x150.jpg\" alt=\"\" class=\"wp-image-253\" srcset=\"https:\/\/www.satinpoursoie.fr\/wp-content\/uploads\/2023\/04\/20210518_174451-150x150.jpg 150w, https:\/\/www.satinpoursoie.fr\/wp-content\/uploads\/2023\/04\/20210518_174451-scaled-300x300.jpg 300w\" sizes=\"auto, (max-width: 150px) 100vw, 150px\" \/><\/figure>\n\n\n\n<figure class=\"wp-block-image size-thumbnail\"><img loading=\"lazy\" decoding=\"async\" width=\"150\" height=\"150\" data-id=\"248\" src=\"https:\/\/www.satinpoursoie.fr\/wp-content\/uploads\/2023\/04\/20210518_174519-150x150.jpg\" alt=\"\" class=\"wp-image-248\" srcset=\"https:\/\/www.satinpoursoie.fr\/wp-content\/uploads\/2023\/04\/20210518_174519-150x150.jpg 150w, https:\/\/www.satinpoursoie.fr\/wp-content\/uploads\/2023\/04\/20210518_174519-scaled-300x300.jpg 300w\" sizes=\"auto, (max-width: 150px) 100vw, 150px\" \/><\/figure>\n\n\n\n<figure class=\"wp-block-image size-thumbnail\"><img loading=\"lazy\" decoding=\"async\" width=\"150\" height=\"150\" data-id=\"254\" src=\"https:\/\/www.satinpoursoie.fr\/wp-content\/uploads\/2023\/04\/20210518_174524-150x150.jpg\" alt=\"\" class=\"wp-image-254\" srcset=\"https:\/\/www.satinpoursoie.fr\/wp-content\/uploads\/2023\/04\/20210518_174524-150x150.jpg 150w, https:\/\/www.satinpoursoie.fr\/wp-content\/uploads\/2023\/04\/20210518_174524-scaled-300x300.jpg 300w\" sizes=\"auto, (max-width: 150px) 100vw, 150px\" \/><\/figure>\n\n\n\n<figure class=\"wp-block-image size-thumbnail\"><img loading=\"lazy\" decoding=\"async\" width=\"150\" height=\"150\" data-id=\"252\" src=\"https:\/\/www.satinpoursoie.fr\/wp-content\/uploads\/2023\/04\/20210518_182407-150x150.jpg\" alt=\"\" class=\"wp-image-252\" srcset=\"https:\/\/www.satinpoursoie.fr\/wp-content\/uploads\/2023\/04\/20210518_182407-150x150.jpg 150w, https:\/\/www.satinpoursoie.fr\/wp-content\/uploads\/2023\/04\/20210518_182407-scaled-300x300.jpg 300w\" sizes=\"auto, (max-width: 150px) 100vw, 150px\" \/><\/figure>\n\n\n\n<figure class=\"wp-block-image size-thumbnail\"><img loading=\"lazy\" decoding=\"async\" width=\"150\" height=\"150\" data-id=\"249\" src=\"https:\/\/www.satinpoursoie.fr\/wp-content\/uploads\/2023\/04\/20210518_182421-150x150.jpg\" alt=\"\" class=\"wp-image-249\" srcset=\"https:\/\/www.satinpoursoie.fr\/wp-content\/uploads\/2023\/04\/20210518_182421-150x150.jpg 150w, https:\/\/www.satinpoursoie.fr\/wp-content\/uploads\/2023\/04\/20210518_182421-scaled-300x300.jpg 300w\" sizes=\"auto, (max-width: 150px) 100vw, 150px\" \/><\/figure>\n\n\n\n<figure class=\"wp-block-image size-thumbnail\"><img decoding=\"async\" data-id=\"250\" src=\"https:\/\/www.satinpoursoie.fr\/wp-content\/uploads\/2023\/04\/20210604_162023-150x150.jpg\" alt=\"\" class=\"wp-image-250\"\/><\/figure>\n\n\n\n<figure class=\"wp-block-image size-thumbnail\"><img loading=\"lazy\" decoding=\"async\" width=\"150\" height=\"150\" data-id=\"255\" src=\"https:\/\/www.satinpoursoie.fr\/wp-content\/uploads\/2023\/04\/20210604_162030-150x150.jpg\" alt=\"\" class=\"wp-image-255\" srcset=\"https:\/\/www.satinpoursoie.fr\/wp-content\/uploads\/2023\/04\/20210604_162030-150x150.jpg 150w, https:\/\/www.satinpoursoie.fr\/wp-content\/uploads\/2023\/04\/20210604_162030-scaled-300x300.jpg 300w\" sizes=\"auto, (max-width: 150px) 100vw, 150px\" \/><\/figure>\n<\/figure>\n\n\n\n<p class=\"has-text-align-center has-text-color has-background\" style=\"color:#555555;background-color:#d4aaaa;font-size:30px\"><strong>Osez la couture sur mesure, c&rsquo;est r\u00e9aliser son r\u00eave vestimentaire<\/strong><\/p>\n\n\n\n<div style=\"height:50px\" aria-hidden=\"true\" class=\"wp-block-spacer\"><\/div>\n\n\n\n<h2 class=\"wp-block-heading has-black-color has-text-color\">Les \u00c9tapes de la Couture Sur Mesure<\/h2>\n\n\n\n<div class=\"wp-block-columns are-vertically-aligned-center is-layout-flex wp-container-core-columns-is-layout-9d6595d7 wp-block-columns-is-layout-flex\">\n<div class=\"wp-block-column is-vertically-aligned-center is-layout-flow wp-block-column-is-layout-flow\" style=\"flex-basis:50%\">\n<div class=\"wp-block-group\"><div class=\"wp-block-group__inner-container is-layout-constrained wp-block-group-is-layout-constrained\">\n<figure class=\"wp-block-gallery has-nested-images columns-2 is-cropped wp-block-gallery-2 is-layout-flex wp-block-gallery-is-layout-flex\">\n<figure class=\"wp-block-image size-large\"><img loading=\"lazy\" decoding=\"async\" width=\"768\" height=\"1024\" data-id=\"89\" src=\"https:\/\/www.satinpoursoie.fr\/wp-content\/uploads\/2023\/04\/20230303_161158-768x1024.jpg\" alt=\"Patronage sur mesure\" class=\"wp-image-89\" srcset=\"https:\/\/www.satinpoursoie.fr\/wp-content\/uploads\/2023\/04\/20230303_161158-768x1024.jpg 768w, https:\/\/www.satinpoursoie.fr\/wp-content\/uploads\/2023\/04\/20230303_161158-scaled-600x800.jpg 600w, https:\/\/www.satinpoursoie.fr\/wp-content\/uploads\/2023\/04\/20230303_161158-225x300.jpg 225w, https:\/\/www.satinpoursoie.fr\/wp-content\/uploads\/2023\/04\/20230303_161158-1152x1536.jpg 1152w, https:\/\/www.satinpoursoie.fr\/wp-content\/uploads\/2023\/04\/20230303_161158-1536x2048.jpg 1536w, https:\/\/www.satinpoursoie.fr\/wp-content\/uploads\/2023\/04\/20230303_161158-45x60.jpg 45w, https:\/\/www.satinpoursoie.fr\/wp-content\/uploads\/2023\/04\/20230303_161158-scaled.jpg 1920w\" sizes=\"auto, (max-width: 768px) 100vw, 768px\" \/><figcaption class=\"wp-element-caption\">Du Papier et des Crayons<\/figcaption><\/figure>\n\n\n\n<figure class=\"wp-block-image size-large\"><img loading=\"lazy\" decoding=\"async\" width=\"768\" height=\"1024\" data-id=\"262\" src=\"https:\/\/www.satinpoursoie.fr\/wp-content\/uploads\/2023\/04\/20210409_185959-5-768x1024.jpg\" alt=\"\" class=\"wp-image-262\" srcset=\"https:\/\/www.satinpoursoie.fr\/wp-content\/uploads\/2023\/04\/20210409_185959-5-768x1024.jpg 768w, https:\/\/www.satinpoursoie.fr\/wp-content\/uploads\/2023\/04\/20210409_185959-5-scaled-600x800.jpg 600w, https:\/\/www.satinpoursoie.fr\/wp-content\/uploads\/2023\/04\/20210409_185959-5-225x300.jpg 225w, https:\/\/www.satinpoursoie.fr\/wp-content\/uploads\/2023\/04\/20210409_185959-5-1152x1536.jpg 1152w, https:\/\/www.satinpoursoie.fr\/wp-content\/uploads\/2023\/04\/20210409_185959-5-1536x2048.jpg 1536w, https:\/\/www.satinpoursoie.fr\/wp-content\/uploads\/2023\/04\/20210409_185959-5-45x60.jpg 45w, https:\/\/www.satinpoursoie.fr\/wp-content\/uploads\/2023\/04\/20210409_185959-5-scaled.jpg 1920w\" sizes=\"auto, (max-width: 768px) 100vw, 768px\" \/><figcaption class=\"wp-element-caption\">Cr\u00e9ation du Patron<\/figcaption><\/figure>\n\n\n\n<figure class=\"wp-block-image size-large\"><img decoding=\"async\" data-id=\"685\" src=\"https:\/\/www.satinpoursoie.fr\/wp-content\/uploads\/2025\/03\/20230428_183956-2-768x1024.jpg\" alt=\"Toile vue devant\" class=\"wp-image-685\"\/><figcaption class=\"wp-element-caption\">Toile Vue Devant<\/figcaption><\/figure>\n\n\n\n<figure class=\"wp-block-image size-large\"><img loading=\"lazy\" decoding=\"async\" width=\"768\" height=\"1024\" data-id=\"688\" src=\"https:\/\/www.satinpoursoie.fr\/wp-content\/uploads\/2025\/03\/20230428_184013-2-768x1024.jpg\" alt=\"Toile vue Dos\" class=\"wp-image-688\" srcset=\"https:\/\/www.satinpoursoie.fr\/wp-content\/uploads\/2025\/03\/20230428_184013-2-768x1024.jpg 768w, https:\/\/www.satinpoursoie.fr\/wp-content\/uploads\/2025\/03\/20230428_184013-2-225x300.jpg 225w, https:\/\/www.satinpoursoie.fr\/wp-content\/uploads\/2025\/03\/20230428_184013-2-1152x1536.jpg 1152w, https:\/\/www.satinpoursoie.fr\/wp-content\/uploads\/2025\/03\/20230428_184013-2-1536x2048.jpg 1536w, https:\/\/www.satinpoursoie.fr\/wp-content\/uploads\/2025\/03\/20230428_184013-2-45x60.jpg 45w, https:\/\/www.satinpoursoie.fr\/wp-content\/uploads\/2025\/03\/20230428_184013-2-600x800.jpg 600w, https:\/\/www.satinpoursoie.fr\/wp-content\/uploads\/2025\/03\/20230428_184013-2-scaled.jpg 1920w\" sizes=\"auto, (max-width: 768px) 100vw, 768px\" \/><figcaption class=\"wp-element-caption\">Toile Vue Dos<\/figcaption><\/figure>\n<\/figure>\n<\/div><\/div>\n<\/div>\n\n\n\n<div class=\"wp-block-column is-vertically-aligned-center is-layout-flow wp-block-column-is-layout-flow\" style=\"flex-basis:50%\">\n<div class=\"wp-block-group\"><div class=\"wp-block-group__inner-container is-layout-constrained wp-block-group-is-layout-constrained\">\n<div class=\"wp-block-columns is-layout-flex wp-container-core-columns-is-layout-9d6595d7 wp-block-columns-is-layout-flex\">\n<div class=\"wp-block-column is-layout-flow wp-block-column-is-layout-flow\" style=\"flex-basis:100%\">\n<h2 class=\"wp-block-heading\">D\u00e9finition du v\u00eatement<\/h2>\n\n\n\n<p>Lors de notre premi\u00e8re rencontre, nous d\u00e9finissons ensemble votre projet : <strong>Forme <\/strong>de votre v\u00eatement, Volume et Coupe, Type de <strong>col<\/strong>, <strong>manche<\/strong>, <strong>doublure <\/strong>et autre, Choix des <strong>tissus<\/strong>, <strong>dentelles<\/strong>, <strong>galons<\/strong>, <strong>boutons <\/strong><\/p>\n\n\n\n<p>Nous prenons ensuite <strong>vos mesures<\/strong> afin de r\u00e9aliser un patron parfaitement adapt\u00e9 \u00e0 votre morphologie.<\/p>\n\n\n\n<h2 class=\"wp-block-heading\">Conception et Ajustements<\/h2>\n\n\n\n<p>Je r\u00e9alise en premier lieu le montage d&rsquo;une <strong>toile<\/strong> (ou demi-toile selon la pi\u00e8ce \u00e0 r\u00e9aliser). Une toile est la premi\u00e8re r\u00e9alisation de votre v\u00eatement dans un tissu neutre, permettant de faire les <strong>ajustements <\/strong>n\u00e9cessaires au bon <strong>tomb\u00e9 <\/strong>du v\u00eatement. Un essayage est donc organis\u00e9 pour la valider ensemble.<\/p>\n\n\n\n<h2 class=\"wp-block-heading\">Couture du v\u00eatement<\/h2>\n\n\n\n<p>Je proc\u00e8de maintenant \u00e0 la <strong>coupe <\/strong>et au <strong>montage <\/strong>de votre cr\u00e9ation dans le tissu d\u00e9finitif. Un deuxi\u00e8me essayage est programm\u00e9 pour s\u2019assurer que tout est parfait avant d\u2019ajouter les finitions.<\/p>\n\n\n\n<h2 class=\"wp-block-heading\">Livraison de votre Cr\u00e9ation<\/h2>\n\n\n\n<p>Apr\u00e8s les derniers ajustements et finitions (ourlets, boutons\u2026), votre v\u00eatement est pr\u00eat ! Je vous le remet en main propre, pr\u00eat \u00e0 \u00eatre port\u00e9.<\/p>\n<\/div>\n<\/div>\n<\/div><\/div>\n<\/div>\n<\/div>\n\n\n\n<hr class=\"wp-block-separator has-text-color has-alpha-channel-opacity has-background\" style=\"background-color:#b2727f;color:#b2727f\"\/>\n\n\n\n<h2 class=\"wp-block-heading\">Les Tarifs de la Couture Sur Mesure<\/h2>\n\n\n\n<div class=\"wp-block-columns is-layout-flex wp-container-core-columns-is-layout-9d6595d7 wp-block-columns-is-layout-flex\">\n<div class=\"wp-block-column is-layout-flow wp-block-column-is-layout-flow\">\n<p>Chaque cr\u00e9ation \u00e9tant unique, le prix varie en fonction du temps de travail et des mat\u00e9riaux utilis\u00e9s.<\/p>\n\n\n\n<p>Pour chaque projet, je vous remet syst\u00e9matiquement un <strong>devis gratuit<\/strong>. <\/p>\n\n\n\n<p>Il comprend :<\/p>\n\n\n\n<ul class=\"wp-block-list\">\n<li>La d\u00e9finition de votre projet<\/li>\n\n\n\n<li>La prise de vos mesures<\/li>\n\n\n\n<li>Le tra\u00e7age du patron<\/li>\n\n\n\n<li>La r\u00e9alisation et l&rsquo;essayage de la toile<\/li>\n\n\n\n<li>La coupe et le montage du v\u00eatement dans le tissu d\u00e9finitif.<\/li>\n\n\n\n<li>L&rsquo;essayage du v\u00eatement avant finition<\/li>\n\n\n\n<li>Les finitions (Boutons, Ourlet, &#8230;)<\/li>\n\n\n\n<li>La livraison du v\u00eatement fini<\/li>\n<\/ul>\n\n\n\n<div class=\"wp-block-buttons is-content-justification-right is-layout-flex wp-container-core-buttons-is-layout-765c4724 wp-block-buttons-is-layout-flex\">\n<div class=\"wp-block-button is-style-outline is-style-outline--3\"><a class=\"wp-block-button__link wp-element-button\" href=\"https:\/\/www.satinpoursoie.fr\/index.php\/contact\/\">Demande de Tarifs&#8230;<\/a><\/div>\n<\/div>\n<\/div>\n\n\n\n<div class=\"wp-block-column is-layout-flow wp-block-column-is-layout-flow\">\n<figure class=\"wp-block-image size-large\"><img loading=\"lazy\" decoding=\"async\" width=\"768\" height=\"1024\" src=\"https:\/\/www.satinpoursoie.fr\/wp-content\/uploads\/2023\/04\/20230315_115056-768x1024.jpg\" alt=\"\" class=\"wp-image-115\" srcset=\"https:\/\/www.satinpoursoie.fr\/wp-content\/uploads\/2023\/04\/20230315_115056-768x1024.jpg 768w, https:\/\/www.satinpoursoie.fr\/wp-content\/uploads\/2023\/04\/20230315_115056-scaled-600x800.jpg 600w, https:\/\/www.satinpoursoie.fr\/wp-content\/uploads\/2023\/04\/20230315_115056-225x300.jpg 225w, https:\/\/www.satinpoursoie.fr\/wp-content\/uploads\/2023\/04\/20230315_115056-1152x1536.jpg 1152w, https:\/\/www.satinpoursoie.fr\/wp-content\/uploads\/2023\/04\/20230315_115056-1536x2048.jpg 1536w, https:\/\/www.satinpoursoie.fr\/wp-content\/uploads\/2023\/04\/20230315_115056-45x60.jpg 45w, https:\/\/www.satinpoursoie.fr\/wp-content\/uploads\/2023\/04\/20230315_115056-scaled.jpg 1920w\" sizes=\"auto, (max-width: 768px) 100vw, 768px\" \/><\/figure>\n<\/div>\n<\/div>\n","protected":false},"excerpt":{"rendered":"<p>Osez la couture Sur-Mesure, cr\u00e9ez votre v\u00eatement unique Chaque cr\u00e9ation est unique, pens\u00e9e et r\u00e9alis\u00e9e exclusivement pour vous. Osez la couture sur mesure, c&rsquo;est r\u00e9aliser son r\u00eave vestimentaire Les \u00c9tapes de la Couture Sur Mesure D\u00e9finition du v\u00eatement Lors de notre premi\u00e8re rencontre, nous d\u00e9finissons ensemble votre projet : Forme de votre v\u00eatement, Volume et &hellip; <\/p>\n","protected":false},"author":1,"featured_media":321,"parent":0,"menu_order":0,"comment_status":"closed","ping_status":"closed","template":"","meta":{"footnotes":""},"class_list":["post-14","page","type-page","status-publish","has-post-thumbnail","hentry"],"yoast_head":"<!-- This site is optimized with the Yoast SEO plugin v27.4 - https:\/\/yoast.com\/product\/yoast-seo-wordpress\/ -->\n<title>Couture Sur Mesure - Satin pour Soie<\/title>\n<meta name=\"description\" content=\"Satin pour soie, votre Atelier de couture et de cr\u00e9ation de v\u00eatements sur mesure \u00e0 Vichy. Nous cr\u00e9ons ensemble votre v\u00eatement id\u00e9al.\" \/>\n<meta name=\"robots\" content=\"index, follow, max-snippet:-1, max-image-preview:large, max-video-preview:-1\" \/>\n<link rel=\"canonical\" href=\"https:\/\/www.satinpoursoie.fr\/index.php\/couture-sur-mesure\/\" \/>\n<meta property=\"og:locale\" content=\"fr_FR\" \/>\n<meta property=\"og:type\" content=\"article\" \/>\n<meta property=\"og:title\" content=\"Couture Sur Mesure - Satin pour Soie\" \/>\n<meta property=\"og:description\" content=\"Satin pour soie, votre Atelier de couture et de cr\u00e9ation de v\u00eatements sur mesure \u00e0 Vichy. Nous cr\u00e9ons ensemble votre v\u00eatement id\u00e9al.\" \/>\n<meta property=\"og:url\" content=\"https:\/\/www.satinpoursoie.fr\/index.php\/couture-sur-mesure\/\" \/>\n<meta property=\"og:site_name\" content=\"Satin pour Soie\" \/>\n<meta property=\"article:publisher\" content=\"https:\/\/www.facebook.com\/satinpoursoie\" \/>\n<meta property=\"article:modified_time\" content=\"2025-03-28T15:28:40+00:00\" \/>\n<meta property=\"og:image\" content=\"https:\/\/www.satinpoursoie.fr\/wp-content\/uploads\/2023\/10\/20230428_093647-scaled.jpg\" \/>\n\t<meta property=\"og:image:width\" content=\"2560\" \/>\n\t<meta property=\"og:image:height\" content=\"1920\" \/>\n\t<meta property=\"og:image:type\" content=\"image\/jpeg\" \/>\n<meta name=\"twitter:card\" content=\"summary_large_image\" \/>\n<meta name=\"twitter:label1\" content=\"Dur\u00e9e de lecture estim\u00e9e\" \/>\n\t<meta name=\"twitter:data1\" content=\"5 minutes\" \/>\n<script type=\"application\/ld+json\" class=\"yoast-schema-graph\">{\"@context\":\"https:\\\/\\\/schema.org\",\"@graph\":[{\"@type\":\"WebPage\",\"@id\":\"https:\\\/\\\/www.satinpoursoie.fr\\\/index.php\\\/couture-sur-mesure\\\/\",\"url\":\"https:\\\/\\\/www.satinpoursoie.fr\\\/index.php\\\/couture-sur-mesure\\\/\",\"name\":\"Couture Sur Mesure - Satin pour Soie\",\"isPartOf\":{\"@id\":\"https:\\\/\\\/www.satinpoursoie.fr\\\/#website\"},\"primaryImageOfPage\":{\"@id\":\"https:\\\/\\\/www.satinpoursoie.fr\\\/index.php\\\/couture-sur-mesure\\\/#primaryimage\"},\"image\":{\"@id\":\"https:\\\/\\\/www.satinpoursoie.fr\\\/index.php\\\/couture-sur-mesure\\\/#primaryimage\"},\"thumbnailUrl\":\"https:\\\/\\\/www.satinpoursoie.fr\\\/wp-content\\\/uploads\\\/2023\\\/10\\\/20230428_093647-scaled.jpg\",\"datePublished\":\"2023-04-18T10:50:53+00:00\",\"dateModified\":\"2025-03-28T15:28:40+00:00\",\"description\":\"Satin pour soie, votre Atelier de couture et de cr\u00e9ation de v\u00eatements sur mesure \u00e0 Vichy. Nous cr\u00e9ons ensemble votre v\u00eatement id\u00e9al.\",\"breadcrumb\":{\"@id\":\"https:\\\/\\\/www.satinpoursoie.fr\\\/index.php\\\/couture-sur-mesure\\\/#breadcrumb\"},\"inLanguage\":\"fr-FR\",\"potentialAction\":[{\"@type\":\"ReadAction\",\"target\":[\"https:\\\/\\\/www.satinpoursoie.fr\\\/index.php\\\/couture-sur-mesure\\\/\"]}]},{\"@type\":\"ImageObject\",\"inLanguage\":\"fr-FR\",\"@id\":\"https:\\\/\\\/www.satinpoursoie.fr\\\/index.php\\\/couture-sur-mesure\\\/#primaryimage\",\"url\":\"https:\\\/\\\/www.satinpoursoie.fr\\\/wp-content\\\/uploads\\\/2023\\\/10\\\/20230428_093647-scaled.jpg\",\"contentUrl\":\"https:\\\/\\\/www.satinpoursoie.fr\\\/wp-content\\\/uploads\\\/2023\\\/10\\\/20230428_093647-scaled.jpg\",\"width\":2560,\"height\":1920,\"caption\":\"Tra\u00e7age de patron pour la couture de v\u00eatement\"},{\"@type\":\"BreadcrumbList\",\"@id\":\"https:\\\/\\\/www.satinpoursoie.fr\\\/index.php\\\/couture-sur-mesure\\\/#breadcrumb\",\"itemListElement\":[{\"@type\":\"ListItem\",\"position\":1,\"name\":\"Accueil\",\"item\":\"https:\\\/\\\/www.satinpoursoie.fr\\\/\"},{\"@type\":\"ListItem\",\"position\":2,\"name\":\"Couture Sur Mesure\"}]},{\"@type\":\"WebSite\",\"@id\":\"https:\\\/\\\/www.satinpoursoie.fr\\\/#website\",\"url\":\"https:\\\/\\\/www.satinpoursoie.fr\\\/\",\"name\":\"Satin pour Soie\",\"description\":\"Un atelier de couture sur mesure pour r\u00e9aliser vos r\u00eaves vestimentaires\",\"publisher\":{\"@id\":\"https:\\\/\\\/www.satinpoursoie.fr\\\/#organization\"},\"potentialAction\":[{\"@type\":\"SearchAction\",\"target\":{\"@type\":\"EntryPoint\",\"urlTemplate\":\"https:\\\/\\\/www.satinpoursoie.fr\\\/?s={search_term_string}\"},\"query-input\":{\"@type\":\"PropertyValueSpecification\",\"valueRequired\":true,\"valueName\":\"search_term_string\"}}],\"inLanguage\":\"fr-FR\"},{\"@type\":\"Organization\",\"@id\":\"https:\\\/\\\/www.satinpoursoie.fr\\\/#organization\",\"name\":\"Satin pour soie\",\"url\":\"https:\\\/\\\/www.satinpoursoie.fr\\\/\",\"logo\":{\"@type\":\"ImageObject\",\"inLanguage\":\"fr-FR\",\"@id\":\"https:\\\/\\\/www.satinpoursoie.fr\\\/#\\\/schema\\\/logo\\\/image\\\/\",\"url\":\"https:\\\/\\\/www.satinpoursoie.fr\\\/wp-content\\\/uploads\\\/2023\\\/04\\\/cropped-Icon-Satin-1.png\",\"contentUrl\":\"https:\\\/\\\/www.satinpoursoie.fr\\\/wp-content\\\/uploads\\\/2023\\\/04\\\/cropped-Icon-Satin-1.png\",\"width\":512,\"height\":512,\"caption\":\"Satin pour soie\"},\"image\":{\"@id\":\"https:\\\/\\\/www.satinpoursoie.fr\\\/#\\\/schema\\\/logo\\\/image\\\/\"},\"sameAs\":[\"https:\\\/\\\/www.facebook.com\\\/satinpoursoie\",\"https:\\\/\\\/www.instagram.com\\\/satinpoursoie\\\/\"]}]}<\/script>\n<!-- \/ Yoast SEO plugin. -->","yoast_head_json":{"title":"Couture Sur Mesure - Satin pour Soie","description":"Satin pour soie, votre Atelier de couture et de cr\u00e9ation de v\u00eatements sur mesure \u00e0 Vichy. Nous cr\u00e9ons ensemble votre v\u00eatement id\u00e9al.","robots":{"index":"index","follow":"follow","max-snippet":"max-snippet:-1","max-image-preview":"max-image-preview:large","max-video-preview":"max-video-preview:-1"},"canonical":"https:\/\/www.satinpoursoie.fr\/index.php\/couture-sur-mesure\/","og_locale":"fr_FR","og_type":"article","og_title":"Couture Sur Mesure - Satin pour Soie","og_description":"Satin pour soie, votre Atelier de couture et de cr\u00e9ation de v\u00eatements sur mesure \u00e0 Vichy. Nous cr\u00e9ons ensemble votre v\u00eatement id\u00e9al.","og_url":"https:\/\/www.satinpoursoie.fr\/index.php\/couture-sur-mesure\/","og_site_name":"Satin pour Soie","article_publisher":"https:\/\/www.facebook.com\/satinpoursoie","article_modified_time":"2025-03-28T15:28:40+00:00","og_image":[{"width":2560,"height":1920,"url":"https:\/\/www.satinpoursoie.fr\/wp-content\/uploads\/2023\/10\/20230428_093647-scaled.jpg","type":"image\/jpeg"}],"twitter_card":"summary_large_image","twitter_misc":{"Dur\u00e9e de lecture estim\u00e9e":"5 minutes"},"schema":{"@context":"https:\/\/schema.org","@graph":[{"@type":"WebPage","@id":"https:\/\/www.satinpoursoie.fr\/index.php\/couture-sur-mesure\/","url":"https:\/\/www.satinpoursoie.fr\/index.php\/couture-sur-mesure\/","name":"Couture Sur Mesure - Satin pour Soie","isPartOf":{"@id":"https:\/\/www.satinpoursoie.fr\/#website"},"primaryImageOfPage":{"@id":"https:\/\/www.satinpoursoie.fr\/index.php\/couture-sur-mesure\/#primaryimage"},"image":{"@id":"https:\/\/www.satinpoursoie.fr\/index.php\/couture-sur-mesure\/#primaryimage"},"thumbnailUrl":"https:\/\/www.satinpoursoie.fr\/wp-content\/uploads\/2023\/10\/20230428_093647-scaled.jpg","datePublished":"2023-04-18T10:50:53+00:00","dateModified":"2025-03-28T15:28:40+00:00","description":"Satin pour soie, votre Atelier de couture et de cr\u00e9ation de v\u00eatements sur mesure \u00e0 Vichy. Nous cr\u00e9ons ensemble votre v\u00eatement id\u00e9al.","breadcrumb":{"@id":"https:\/\/www.satinpoursoie.fr\/index.php\/couture-sur-mesure\/#breadcrumb"},"inLanguage":"fr-FR","potentialAction":[{"@type":"ReadAction","target":["https:\/\/www.satinpoursoie.fr\/index.php\/couture-sur-mesure\/"]}]},{"@type":"ImageObject","inLanguage":"fr-FR","@id":"https:\/\/www.satinpoursoie.fr\/index.php\/couture-sur-mesure\/#primaryimage","url":"https:\/\/www.satinpoursoie.fr\/wp-content\/uploads\/2023\/10\/20230428_093647-scaled.jpg","contentUrl":"https:\/\/www.satinpoursoie.fr\/wp-content\/uploads\/2023\/10\/20230428_093647-scaled.jpg","width":2560,"height":1920,"caption":"Tra\u00e7age de patron pour la couture de v\u00eatement"},{"@type":"BreadcrumbList","@id":"https:\/\/www.satinpoursoie.fr\/index.php\/couture-sur-mesure\/#breadcrumb","itemListElement":[{"@type":"ListItem","position":1,"name":"Accueil","item":"https:\/\/www.satinpoursoie.fr\/"},{"@type":"ListItem","position":2,"name":"Couture Sur Mesure"}]},{"@type":"WebSite","@id":"https:\/\/www.satinpoursoie.fr\/#website","url":"https:\/\/www.satinpoursoie.fr\/","name":"Satin pour Soie","description":"Un atelier de couture sur mesure pour r\u00e9aliser vos r\u00eaves vestimentaires","publisher":{"@id":"https:\/\/www.satinpoursoie.fr\/#organization"},"potentialAction":[{"@type":"SearchAction","target":{"@type":"EntryPoint","urlTemplate":"https:\/\/www.satinpoursoie.fr\/?s={search_term_string}"},"query-input":{"@type":"PropertyValueSpecification","valueRequired":true,"valueName":"search_term_string"}}],"inLanguage":"fr-FR"},{"@type":"Organization","@id":"https:\/\/www.satinpoursoie.fr\/#organization","name":"Satin pour soie","url":"https:\/\/www.satinpoursoie.fr\/","logo":{"@type":"ImageObject","inLanguage":"fr-FR","@id":"https:\/\/www.satinpoursoie.fr\/#\/schema\/logo\/image\/","url":"https:\/\/www.satinpoursoie.fr\/wp-content\/uploads\/2023\/04\/cropped-Icon-Satin-1.png","contentUrl":"https:\/\/www.satinpoursoie.fr\/wp-content\/uploads\/2023\/04\/cropped-Icon-Satin-1.png","width":512,"height":512,"caption":"Satin pour soie"},"image":{"@id":"https:\/\/www.satinpoursoie.fr\/#\/schema\/logo\/image\/"},"sameAs":["https:\/\/www.facebook.com\/satinpoursoie","https:\/\/www.instagram.com\/satinpoursoie\/"]}]}},"_links":{"self":[{"href":"https:\/\/www.satinpoursoie.fr\/index.php\/wp-json\/wp\/v2\/pages\/14","targetHints":{"allow":["GET"]}}],"collection":[{"href":"https:\/\/www.satinpoursoie.fr\/index.php\/wp-json\/wp\/v2\/pages"}],"about":[{"href":"https:\/\/www.satinpoursoie.fr\/index.php\/wp-json\/wp\/v2\/types\/page"}],"author":[{"embeddable":true,"href":"https:\/\/www.satinpoursoie.fr\/index.php\/wp-json\/wp\/v2\/users\/1"}],"replies":[{"embeddable":true,"href":"https:\/\/www.satinpoursoie.fr\/index.php\/wp-json\/wp\/v2\/comments?post=14"}],"version-history":[{"count":24,"href":"https:\/\/www.satinpoursoie.fr\/index.php\/wp-json\/wp\/v2\/pages\/14\/revisions"}],"predecessor-version":[{"id":690,"href":"https:\/\/www.satinpoursoie.fr\/index.php\/wp-json\/wp\/v2\/pages\/14\/revisions\/690"}],"wp:featuredmedia":[{"embeddable":true,"href":"https:\/\/www.satinpoursoie.fr\/index.php\/wp-json\/wp\/v2\/media\/321"}],"wp:attachment":[{"href":"https:\/\/www.satinpoursoie.fr\/index.php\/wp-json\/wp\/v2\/media?parent=14"}],"curies":[{"name":"wp","href":"https:\/\/api.w.org\/{rel}","templated":true}]}}